{"id":9697,"date":"2012-03-31T13:32:07","date_gmt":"2012-03-31T11:32:07","guid":{"rendered":"http:\/\/www.simpleplan.cz\/cz\/?page_id=9697"},"modified":"2023-06-26T09:30:19","modified_gmt":"2023-06-26T07:30:19","slug":"rozhovory-simpleplan-cz","status":"publish","type":"page","link":"https:\/\/www.simpleplan.cz\/cz\/index.php\/online\/rozhovory-simpleplan-cz\/","title":{"rendered":"Rozhovory SimplePlan.cz"},"content":{"rendered":"<div class=\"pagecontent\">\n<div class=\"girls\"><center>Rozhovory SimplePlan.cz se \u010dleny Simple Plan<\/center><\/div>\n<div class=\"section-list\">\n    <img decoding=\"async\" src=\"http:\/\/www.simpleplan.cz\/images\/int1.gif\" alt=\"\" \/ \/><\/p>\n<div class=\"musichead\" style=\"margin-top:10px;\">PRVN\u00cd ROZHOVOR SE SIMPLE PLAN<\/div>\n<p><strong>\u010clenov\u00e9 Simple Plan:<\/strong> Pierre, David a Jeff<br \/>\n<strong>Report\u00e9r:<\/strong> Dominika Marsov\u00e1<br \/>\n<strong>M\u00edsto nat\u00e1\u010den\u00ed:<\/strong> Praha, \u010cesk\u00e1 republika<br \/>\n<strong>Nato\u010deno:<\/strong> 27. dubna 2008<\/p>\n<p><center><iframe width=\"560\" height=\"300\" src=\"https:\/\/www.youtube.com\/embed\/djRIAyiR0cg\" frameborder=\"0\" allowfullscreen><\/iframe><\/center>\n<\/div>\n<p>\u200b<\/p>\n<div class=\"section-list\">\n    <img decoding=\"async\" src=\"http:\/\/www.simpleplan.cz\/images\/int2.gif\" alt=\"\" \/ \/><\/p>\n<div class=\"musichead\" style=\"margin-top:10px;\">DRUH\u00dd ROZHOVOR SE SIMPLE PLAN<\/div>\n<p><strong>\u010clenov\u00e9 Simple Plan:<\/strong> Chuck, Sebastien a Jeff<br \/>\n<strong>Report\u00e9r:<\/strong> Dominika Marsov\u00e1<br \/>\n<strong>Kamera:<\/strong> Viola Moisesbichler<br \/>\n<strong>M\u00edsto nat\u00e1\u010den\u00ed:<\/strong> Praha, \u010cesk\u00e1 republika<br \/>\n<strong>Nato\u010deno:<\/strong> 2. z\u00e1\u0159\u00ed 2011<\/p>\n<p><center><iframe width=\"560\" height=\"300\" src=\"https:\/\/www.youtube.com\/embed\/RiVHPZTc8jg\" frameborder=\"0\" allowfullscreen><\/iframe><\/center>\n<\/div>\n<p>\u200b<\/p>\n<div class=\"section-list\">\n    <img decoding=\"async\" src=\"http:\/\/www.simpleplan.cz\/images\/int6.gif\" alt=\"\" \/ \/><\/p>\n<div class=\"musichead\" style=\"margin-top:10px;\">T\u0158ET\u00cd ROZHOVOR SE SIMPLE PLAN<\/div>\n<p><strong>\u010clenov\u00e9 Simple Plan:<\/strong> Chuck<br \/>\n<strong>Report\u00e9r:<\/strong> Dominika Marsov\u00e1<br \/>\n<strong>M\u00edsto nat\u00e1\u010den\u00ed:<\/strong> Brno, \u010cesk\u00e1 republika \/ Montreal, Kanada (p\u0159es Skype)<br \/>\n<strong>Forma:<\/strong> video (p\u0159es Skype)<strong>Nato\u010deno:<\/strong> 31. ledna 2013 \/ 1. \u00fanora 2013<\/p>\n<p><center><iframe width=\"560\" height=\"300\" src=\"http:\/\/www.youtube.com\/embed\/zD7uojt6Zec\" frameborder=\"0\" allowfullscreen><\/iframe><\/center>\n<\/div>\n<p>\u200b<\/p>\n<div class=\"section-list\">\n    <img decoding=\"async\" src=\"http:\/\/www.simpleplan.cz\/images\/int8.gif\" alt=\"\" \/ \/><\/p>\n<div class=\"musichead\" style=\"margin-top:10px;\">\u010cTVRT\u00dd ROZHOVOR SE SIMPLE PLAN<\/div>\n<p><strong>\u010clenov\u00e9 Simple Plan:<\/strong> Chuck, Pierre a Sebastien<br \/>\n<strong>Report\u00e9r:<\/strong> Dominika Marsov\u00e1<br \/>\n<strong>Kamera:<\/strong> Viola Moisesbichler<br \/>\n<strong>M\u00edsto nat\u00e1\u010den\u00ed:<\/strong> Antverpy, Belgie<br \/>\n<strong>Nato\u010deno:<\/strong> 25. srpna 2015<\/p>\n<p><center><iframe width=\"560\" height=\"300\" src=\"https:\/\/www.youtube.com\/embed\/wUMIPJ8CwYM\" frameborder=\"0\" allowfullscreen><\/iframe><\/center>\n<\/div>\n<p>\u200b<\/p>\n<div class=\"section-list\">\n    <img decoding=\"async\" src=\"http:\/\/www.simpleplan.cz\/images\/int10.gif\" alt=\"\" \/ \/><\/p>\n<div class=\"musichead\" style=\"margin-top:10px;\">P\u00c1T\u00dd ROZHOVOR SE SIMPLE PLAN<\/div>\n<p><strong>\u010clenov\u00e9 Simple Plan:<\/strong> Chuck a Sebastien<br \/>\n<strong>Report\u00e9r:<\/strong> Dominika Marsov\u00e1<br \/>\n<strong>Kamera:<\/strong> Viola Moisesbichler<br \/>\n<strong>M\u00edsto nat\u00e1\u010den\u00ed:<\/strong> Praha, \u010cesk\u00e1 republika<br \/>\n<strong>Nato\u010deno:<\/strong> 5. b\u0159ezna 2016<\/p>\n<p><center><iframe width=\"560\" height=\"300\" src=\"https:\/\/www.youtube.com\/embed\/Jy4Z6d3CNRY\" frameborder=\"0\" allowfullscreen><\/iframe><\/center>\n<\/div>\n<p>\u200b<\/p>\n<div class=\"section-list\">\n    <img decoding=\"async\" src=\"http:\/\/i.imgur.com\/YKkY6Nb.png\" alt=\"\" \/ \/><\/p>\n<div class=\"musichead\" style=\"margin-top:10px;\">\u0160EST\u00dd ROZHOVOR SE SIMPLE PLAN<\/div>\n<p><strong>\u010clenov\u00e9 Simple Plan:<\/strong> Chuck a Sebastien<br \/>\n<strong>Report\u00e9r:<\/strong> Dominika Marsov\u00e1<br \/>\n<strong>Kamera:<\/strong> Viola Moisesbichler<br \/>\n<strong>M\u00edsto nat\u00e1\u010den\u00ed:<\/strong> Praha, \u010cesk\u00e1 republika (Aerodrome Festival)<br \/>\n<strong>Nato\u010deno:<\/strong> 11. \u010dervna 2017<\/p>\n<p><center><iframe width=\"560\" height=\"300\" src=\"https:\/\/www.youtube.com\/embed\/_zpSqmEz8hU\" frameborder=\"0\" allowfullscreen><\/iframe><\/center>\n<\/div>\n<p>\u200b<\/p>\n<p><center><img decoding=\"async\" src=\"http:\/\/www.simpleplan.cz\/cz\/wp-content\/themes\/2016\/images\/divider.png\"\/><\/center><\/p>\n<div class=\"girls\"><center>Dal\u0161\u00ed rozhovory SimplePlan.cz<\/center><\/div>\n<div class=\"section-list\">\n    <img decoding=\"async\" src=\"http:\/\/www.simpleplan.cz\/images\/int3.gif\" alt=\"\" \/ \/><\/p>\n<div class=\"musichead\" style=\"margin-top:10px;\">ROZHOVOR S KAPELOU IMODIUM<\/div>\n<p><strong>Pro\u010d Imodium?<\/strong> Imodium byli p\u0159edkapelou Simple Plan na jejich koncert\u011b v Praze v roce 2011.<br \/>\n<strong>Report\u00e9r:<\/strong> Dominika Marsov\u00e1<br \/>\n<strong>Po\u0159\u00edzen:<\/strong> 18. \u0159\u00edjna 2011<br \/>\n<strong>Rozhovor je dostupn\u00fd<\/strong> <a href=\"http:\/\/www.simpleplan.cz\/cz\/index.php\/rozhovor-simpleplan-cz-s-predkapelou-letosniho-prazskeho-koncertu-simple-plan-imodium\/\">zde<\/a>\n<\/div>\n<p>\u200b<\/p>\n<div class=\"section-list\">\n    <img decoding=\"async\" src=\"http:\/\/www.simpleplan.cz\/images\/int4.gif\" alt=\"\" \/ \/><\/p>\n<div class=\"musichead\" style=\"margin-top:10px;\">ROZHOVOR S RANDALLEM &#8222;RT!&#8220; THORNE<\/div>\n<p><strong>Pro\u010d RT?<\/strong> RT! je re\u017eis\u00e9rem videoklip\u016f &#8222;Save You&#8220; a druh\u00e9 verze &#8222;Summer Paradise&#8220; od Simple Plan.<br \/>\n<strong>Report\u00e9r:<\/strong> Dominika Marsov\u00e1<br \/>\n<strong>Po\u0159\u00edzen:<\/strong> 2. dubna 2012<br \/>\n<strong>Rozhovor je dostupn\u00fd<\/strong> <a href=\"http:\/\/www.simpleplan.cz\/cz\/index.php\/rozhovor-simpleplan-cz-s-reziserem-videoklipu-summer-paradise-randallem-rt-thorne\/\">zde<\/a>\n<\/div>\n<p>\u200b<\/p>\n<div class=\"section-list\">\n    <img decoding=\"async\" src=\"http:\/\/www.simpleplan.cz\/images\/int5.gif\" alt=\"\" \/ \/><\/p>\n<div class=\"musichead\" style=\"margin-top:10px;\">ROZHOVOR S FREDEM J\u00c9R\u00d4ME<\/div>\n<p><strong>Pro\u010d Fred?<\/strong> Fred je grafik Simple Plan.<br \/>\n<strong>Report\u00e9r:<\/strong> Dominika Marsov\u00e1<br \/>\n<strong>Po\u0159\u00edzen:<\/strong> 12. \u00fanora 2013<br \/>\n<strong>Rozhovor je dostupn\u00fd<\/strong> <a href=\"http:\/\/www.simpleplan.cz\/cz\/index.php\/rozhovor-simpleplan-cz-s-fredem-jerome\/\">zde<\/a>\n<\/div>\n<p>\u200b<\/p>\n<div class=\"section-list\">\n    <img decoding=\"async\" src=\"http:\/\/www.simpleplan.cz\/images\/int7.gif\" alt=\"\" \/ \/><\/p>\n<div class=\"musichead\" style=\"margin-top:10px;\">ROZHOVOR S JANICKEM THIBAULTEM (AMASIC \/ STORY UNTOLD)<\/div>\n<p><strong>Pro\u010d Janick?<\/strong> Janick pro svou kapelu Amasic slo\u017eil dv\u011b p\u00edsn\u011b s Chuckem a Pierrem ze Simple Plan.<br \/>\n<strong>Report\u00e9r:<\/strong> Dominika Marsov\u00e1<br \/>\n<strong>Po\u0159\u00edzen:<\/strong> 15. b\u0159ezna 2014<br \/>\n<strong>Rozhovor je dostupn\u00fd<\/strong> <a href=\"http:\/\/www.simpleplan.cz\/cz\/index.php\/rozhovor-simpleplan-cz-s-janickem-thibaultem-amasic\/\">zde<\/a>\n<\/div>\n<p>\u200b<\/p>\n<div class=\"section-list\">\n    <img decoding=\"async\" src=\"http:\/\/www.simpleplan.cz\/images\/int9.gif\" alt=\"\" \/ \/><\/p>\n<div class=\"musichead\" style=\"margin-top:10px;\">ROZHOVOR S MARKEM STAUBACHEM<\/div>\n<p><strong>Pro\u010d Mark?<\/strong> Mark zre\u017e\u00edroval n\u011bkolik videoklip\u016f Simple Plan, v\u010detn\u011b &#8222;I Don&#8217;t Wanna Go To Bed&#8220;, &#8222;Astronaut&#8220;, &#8222;Can&#8217;t Keep My Hands Off You&#8220; nebo &#8222;Summer Paradise&#8220;.<br \/>\n<strong>Report\u00e9r:<\/strong> Dominika Marsov\u00e1<br \/>\n<strong>Po\u0159\u00edzen:<\/strong> 24. \u0159\u00edjna 2015<br \/>\n<strong>Rozhovor je dostupn\u00fd<\/strong> <a href=\"http:\/\/www.simpleplan.cz\/cz\/index.php\/rozhovor-simpleplan-cz-s-markem-staubachem\/\">zde<\/a>\n<\/div>\n<p>\u200b<\/p>\n<div class=\"section-list\">\n    <img decoding=\"async\" src=\"http:\/\/www.simpleplan.cz\/images\/int11.png\" alt=\"\" \/ \/><\/p>\n<div class=\"musichead\" style=\"margin-top:10px;\">ROZHOVOR S CALLUMEM AMIESEM (THE BOTTOM LINE)<\/div>\n<p><strong>Pro\u010d Callum?<\/strong> Callum je hlavn\u00edm zp\u011bv\u00e1kem kapely &#8222;The Bottom Line&#8220;, kter\u00e1 Simple Plan p\u0159edskakovala na prvn\u00ed i druh\u00e9 \u010d\u00e1sti jejich evropsk\u00e9ho turn\u00e9 na ja\u0159e 2016.<br \/>\n<strong>Report\u00e9r:<\/strong> Dominika Marsov\u00e1<br \/>\n<strong>Forma:<\/strong> text (email)<br \/>\n<strong>Po\u0159\u00edzen:<\/strong> 5. kv\u011btna 2016<br \/>\n<strong>Rozhovor je dostupn\u00fd<\/strong> <a href=\"http:\/\/www.simpleplan.cz\/en\/index.php\/simpleplan-cz-interview-with-callum-amies-the-bottom-line\/\">zde<\/a>\n<\/div>\n<p>\u200b<\/p>\n<div class=\"section-list\">\n    <img decoding=\"async\" src=\"http:\/\/i.imgur.com\/I3cNetz.png\" alt=\"\" \/ \/><\/p>\n<div class=\"musichead\" style=\"margin-top:10px;\">ROZHOVOR SE SEBASTIENEM (MAN OF THE HOUR)<\/div>\n<p><strong>Pro\u010d MOTH?<\/strong> Sebastien\u016fv a Patrick\u016fv po\u0159ad Man Of The Hour Idobi r\u00e1diu oslavil 10. v\u00fdro\u010d\u00ed.<br \/>\n<strong>Report\u00e9r:<\/strong> Dominika Marsov\u00e1<br \/>\n<strong>Forma:<\/strong> text (email)<br \/>\n<strong>Po\u0159\u00edzen:<\/strong> 29. srpna 2016<br \/>\n<strong>Rozhovor je dostupn\u00fd<\/strong> <a href=\"http:\/\/www.simpleplan.cz\/cz\/index.php\/rozhovor-simpleplan-cz-se-sebem-o-man-hour\/\">here<\/a><\/p>\n<\/div>\n<p>\u200b<\/p>\n<div class=\"fblikebutton_button\" style=\"float: left; padding-top: 20px; margin-right: 20px; padding-bottom: 20px; padding-left: 20px;\"><iframe src=\"http:\/\/www.facebook.com\/plugins\/like.php?href=https%3A%2F%2Fwww.simpleplan.cz%2Fcz%2Findex.php%2Fonline%2Frozhovory-simpleplan-cz%2F&amp;layout=standard&amp;show-faces=false&amp;width=450&amp;action=like&amp;colorscheme=light\" scrolling=\"no\" frameborder=\"0\" allowTransparency=\"true\" style=\"border:none; overflow:hidden; width:450px; height:26px\"><\/iframe><\/div>\n","protected":false},"excerpt":{"rendered":"<p>Rozhovory SimplePlan.cz se \u010dleny Simple Plan PRVN\u00cd ROZHOVOR SE SIMPLE PLAN \u010clenov\u00e9 Simple Plan: Pierre,<\/p>\n","protected":false},"author":5,"featured_media":0,"parent":5263,"menu_order":0,"comment_status":"open","ping_status":"open","template":"page-templates\/full-width.php","meta":{"footnotes":""},"yoast_head":"<!-- This site is optimized with the Yoast SEO plugin v20.9 - https:\/\/yoast.com\/wordpress\/plugins\/seo\/ -->\n<title>Rozhovory SimplePlan.cz | CZ: SimplePlan.cz<\/title>\n<meta name=\"robots\" content=\"index, follow, max-snippet:-1, max-image-preview:large, max-video-preview:-1\" \/>\n<link rel=\"canonical\" href=\"https:\/\/www.simpleplan.cz\/cz\/index.php\/online\/rozhovory-simpleplan-cz\/\" \/>\n<meta property=\"og:locale\" content=\"cs_CZ\" \/>\n<meta property=\"og:type\" content=\"article\" \/>\n<meta property=\"og:title\" content=\"Rozhovory SimplePlan.cz | CZ: SimplePlan.cz\" \/>\n<meta property=\"og:description\" content=\"Rozhovory SimplePlan.cz se \u010dleny Simple Plan PRVN\u00cd ROZHOVOR SE SIMPLE PLAN \u010clenov\u00e9 Simple Plan: Pierre,\" \/>\n<meta property=\"og:url\" content=\"https:\/\/www.simpleplan.cz\/cz\/index.php\/online\/rozhovory-simpleplan-cz\/\" \/>\n<meta property=\"og:site_name\" content=\"CZ: SimplePlan.cz\" \/>\n<meta property=\"article:publisher\" content=\"http:\/\/www.facebook.com\/simpleplancz\" \/>\n<meta property=\"article:modified_time\" content=\"2023-06-26T07:30:19+00:00\" \/>\n<meta property=\"og:image\" content=\"http:\/\/www.simpleplan.cz\/images\/int1.gif\" \/>\n<meta name=\"twitter:card\" content=\"summary_large_image\" \/>\n<meta name=\"twitter:site\" content=\"@simpleplancz\" \/>\n<meta name=\"twitter:label1\" content=\"Odhadovan\u00e1 doba \u010dten\u00ed\" \/>\n\t<meta name=\"twitter:data1\" content=\"2 minuty\" \/>\n<script type=\"application\/ld+json\" class=\"yoast-schema-graph\">{\"@context\":\"https:\/\/schema.org\",\"@graph\":[{\"@type\":\"WebPage\",\"@id\":\"https:\/\/www.simpleplan.cz\/cz\/index.php\/online\/rozhovory-simpleplan-cz\/\",\"url\":\"https:\/\/www.simpleplan.cz\/cz\/index.php\/online\/rozhovory-simpleplan-cz\/\",\"name\":\"Rozhovory SimplePlan.cz | CZ: SimplePlan.cz\",\"isPartOf\":{\"@id\":\"https:\/\/www.simpleplan.cz\/cz\/#website\"},\"datePublished\":\"2012-03-31T11:32:07+00:00\",\"dateModified\":\"2023-06-26T07:30:19+00:00\",\"breadcrumb\":{\"@id\":\"https:\/\/www.simpleplan.cz\/cz\/index.php\/online\/rozhovory-simpleplan-cz\/#breadcrumb\"},\"inLanguage\":\"cs\",\"potentialAction\":[{\"@type\":\"ReadAction\",\"target\":[\"https:\/\/www.simpleplan.cz\/cz\/index.php\/online\/rozhovory-simpleplan-cz\/\"]}]},{\"@type\":\"BreadcrumbList\",\"@id\":\"https:\/\/www.simpleplan.cz\/cz\/index.php\/online\/rozhovory-simpleplan-cz\/#breadcrumb\",\"itemListElement\":[{\"@type\":\"ListItem\",\"position\":1,\"name\":\"Dom\u016f\",\"item\":\"https:\/\/www.simpleplan.cz\/cz\/\"},{\"@type\":\"ListItem\",\"position\":2,\"name\":\"Online\",\"item\":\"https:\/\/www.simpleplan.cz\/cz\/index.php\/online\/\"},{\"@type\":\"ListItem\",\"position\":3,\"name\":\"Rozhovory SimplePlan.cz\"}]},{\"@type\":\"WebSite\",\"@id\":\"https:\/\/www.simpleplan.cz\/cz\/#website\",\"url\":\"https:\/\/www.simpleplan.cz\/cz\/\",\"name\":\"CZ: SimplePlan.cz\",\"description\":\"Nejlep\u0161\u00ed zdroj informac\u00ed o kapele Simple Plan\",\"publisher\":{\"@id\":\"https:\/\/www.simpleplan.cz\/cz\/#organization\"},\"potentialAction\":[{\"@type\":\"SearchAction\",\"target\":{\"@type\":\"EntryPoint\",\"urlTemplate\":\"https:\/\/www.simpleplan.cz\/cz\/?s={search_term_string}\"},\"query-input\":\"required name=search_term_string\"}],\"inLanguage\":\"cs\"},{\"@type\":\"Organization\",\"@id\":\"https:\/\/www.simpleplan.cz\/cz\/#organization\",\"name\":\"CZ: SimplePlan.cz\",\"url\":\"https:\/\/www.simpleplan.cz\/cz\/\",\"logo\":{\"@type\":\"ImageObject\",\"inLanguage\":\"cs\",\"@id\":\"https:\/\/www.simpleplan.cz\/cz\/#\/schema\/logo\/image\/\",\"url\":\"https:\/\/www.simpleplan.cz\/cz\/wp-content\/uploads\/spczlogo.png\",\"contentUrl\":\"https:\/\/www.simpleplan.cz\/cz\/wp-content\/uploads\/spczlogo.png\",\"width\":250,\"height\":190,\"caption\":\"CZ: SimplePlan.cz\"},\"image\":{\"@id\":\"https:\/\/www.simpleplan.cz\/cz\/#\/schema\/logo\/image\/\"},\"sameAs\":[\"http:\/\/www.facebook.com\/simpleplancz\",\"https:\/\/twitter.com\/simpleplancz\",\"http:\/\/www.instagram.com\/simpleplancz\",\"http:\/\/www.youtube.com\/simpleplancz\"]}]}<\/script>\n<!-- \/ Yoast SEO plugin. -->","yoast_head_json":{"title":"Rozhovory SimplePlan.cz | CZ: SimplePlan.cz","robots":{"index":"index","follow":"follow","max-snippet":"max-snippet:-1","max-image-preview":"max-image-preview:large","max-video-preview":"max-video-preview:-1"},"canonical":"https:\/\/www.simpleplan.cz\/cz\/index.php\/online\/rozhovory-simpleplan-cz\/","og_locale":"cs_CZ","og_type":"article","og_title":"Rozhovory SimplePlan.cz | CZ: SimplePlan.cz","og_description":"Rozhovory SimplePlan.cz se \u010dleny Simple Plan PRVN\u00cd ROZHOVOR SE SIMPLE PLAN \u010clenov\u00e9 Simple Plan: Pierre,","og_url":"https:\/\/www.simpleplan.cz\/cz\/index.php\/online\/rozhovory-simpleplan-cz\/","og_site_name":"CZ: SimplePlan.cz","article_publisher":"http:\/\/www.facebook.com\/simpleplancz","article_modified_time":"2023-06-26T07:30:19+00:00","og_image":[{"url":"http:\/\/www.simpleplan.cz\/images\/int1.gif"}],"twitter_card":"summary_large_image","twitter_site":"@simpleplancz","twitter_misc":{"Odhadovan\u00e1 doba \u010dten\u00ed":"2 minuty"},"schema":{"@context":"https:\/\/schema.org","@graph":[{"@type":"WebPage","@id":"https:\/\/www.simpleplan.cz\/cz\/index.php\/online\/rozhovory-simpleplan-cz\/","url":"https:\/\/www.simpleplan.cz\/cz\/index.php\/online\/rozhovory-simpleplan-cz\/","name":"Rozhovory SimplePlan.cz | CZ: SimplePlan.cz","isPartOf":{"@id":"https:\/\/www.simpleplan.cz\/cz\/#website"},"datePublished":"2012-03-31T11:32:07+00:00","dateModified":"2023-06-26T07:30:19+00:00","breadcrumb":{"@id":"https:\/\/www.simpleplan.cz\/cz\/index.php\/online\/rozhovory-simpleplan-cz\/#breadcrumb"},"inLanguage":"cs","potentialAction":[{"@type":"ReadAction","target":["https:\/\/www.simpleplan.cz\/cz\/index.php\/online\/rozhovory-simpleplan-cz\/"]}]},{"@type":"BreadcrumbList","@id":"https:\/\/www.simpleplan.cz\/cz\/index.php\/online\/rozhovory-simpleplan-cz\/#breadcrumb","itemListElement":[{"@type":"ListItem","position":1,"name":"Dom\u016f","item":"https:\/\/www.simpleplan.cz\/cz\/"},{"@type":"ListItem","position":2,"name":"Online","item":"https:\/\/www.simpleplan.cz\/cz\/index.php\/online\/"},{"@type":"ListItem","position":3,"name":"Rozhovory SimplePlan.cz"}]},{"@type":"WebSite","@id":"https:\/\/www.simpleplan.cz\/cz\/#website","url":"https:\/\/www.simpleplan.cz\/cz\/","name":"CZ: SimplePlan.cz","description":"Nejlep\u0161\u00ed zdroj informac\u00ed o kapele Simple Plan","publisher":{"@id":"https:\/\/www.simpleplan.cz\/cz\/#organization"},"potentialAction":[{"@type":"SearchAction","target":{"@type":"EntryPoint","urlTemplate":"https:\/\/www.simpleplan.cz\/cz\/?s={search_term_string}"},"query-input":"required name=search_term_string"}],"inLanguage":"cs"},{"@type":"Organization","@id":"https:\/\/www.simpleplan.cz\/cz\/#organization","name":"CZ: SimplePlan.cz","url":"https:\/\/www.simpleplan.cz\/cz\/","logo":{"@type":"ImageObject","inLanguage":"cs","@id":"https:\/\/www.simpleplan.cz\/cz\/#\/schema\/logo\/image\/","url":"https:\/\/www.simpleplan.cz\/cz\/wp-content\/uploads\/spczlogo.png","contentUrl":"https:\/\/www.simpleplan.cz\/cz\/wp-content\/uploads\/spczlogo.png","width":250,"height":190,"caption":"CZ: SimplePlan.cz"},"image":{"@id":"https:\/\/www.simpleplan.cz\/cz\/#\/schema\/logo\/image\/"},"sameAs":["http:\/\/www.facebook.com\/simpleplancz","https:\/\/twitter.com\/simpleplancz","http:\/\/www.instagram.com\/simpleplancz","http:\/\/www.youtube.com\/simpleplancz"]}]}},"_links":{"self":[{"href":"https:\/\/www.simpleplan.cz\/cz\/index.php\/wp-json\/wp\/v2\/pages\/9697"}],"collection":[{"href":"https:\/\/www.simpleplan.cz\/cz\/index.php\/wp-json\/wp\/v2\/pages"}],"about":[{"href":"https:\/\/www.simpleplan.cz\/cz\/index.php\/wp-json\/wp\/v2\/types\/page"}],"author":[{"embeddable":true,"href":"https:\/\/www.simpleplan.cz\/cz\/index.php\/wp-json\/wp\/v2\/users\/5"}],"replies":[{"embeddable":true,"href":"https:\/\/www.simpleplan.cz\/cz\/index.php\/wp-json\/wp\/v2\/comments?post=9697"}],"version-history":[{"count":52,"href":"https:\/\/www.simpleplan.cz\/cz\/index.php\/wp-json\/wp\/v2\/pages\/9697\/revisions"}],"predecessor-version":[{"id":23374,"href":"https:\/\/www.simpleplan.cz\/cz\/index.php\/wp-json\/wp\/v2\/pages\/9697\/revisions\/23374"}],"up":[{"embeddable":true,"href":"https:\/\/www.simpleplan.cz\/cz\/index.php\/wp-json\/wp\/v2\/pages\/5263"}],"wp:attachment":[{"href":"https:\/\/www.simpleplan.cz\/cz\/index.php\/wp-json\/wp\/v2\/media?parent=9697"}],"curies":[{"name":"wp","href":"https:\/\/api.w.org\/{rel}","templated":true}]}}