{"id":9848,"date":"2012-04-09T12:09:36","date_gmt":"2012-04-09T10:09:36","guid":{"rendered":"http:\/\/www.simpleplan.cz\/cz\/?page_id=9848"},"modified":"2023-06-26T09:30:16","modified_gmt":"2023-06-26T07:30:16","slug":"simple-plan-foundation","status":"publish","type":"page","link":"https:\/\/www.simpleplan.cz\/cz\/index.php\/kapela\/simple-plan-foundation\/","title":{"rendered":"Simple Plan Foundation"},"content":{"rendered":"<div class=\"pagecontent\">\n<div class=\"girls\"><b><u>Zalo\u017een\u00ed Simple Plan Foundation<\/u><\/b><\/div>\n<p><img decoding=\"async\" style=\"margin: 20px;\" src=\"http:\/\/www.simpleplan.cz\/images\/spf.gif\" alt=\"\" align=\"left\" \/>Hudba nen\u00ed jedinou z\u00e1le\u017eitost\u00ed, ve kter\u00e9 se Simple Plan anga\u017euj\u00ed. Jednou z jejich dal\u0161\u00edch hlavn\u00edch aktivit je jejich vlastn\u00ed charitativn\u00ed nadace &#8222;Simple Plan Foundation&#8220;. <b>D\u00edky tis\u00edc\u016fm dopis\u016f od sv\u00fdch fanou\u0161k\u016f a mluven\u00edm s nimi tv\u00e1\u0159\u00ed v tv\u00e1\u0159, si toti\u017e \u010dlenov\u00e9 kapely uv\u011bdomili s jak\u00fdmi v\u011bcmi (a\u0165 u\u017e jsou to deprese, t\u011b\u017ek\u00e9 nemoci, homofobie a tak d\u00e1le) se tito mlad\u00ed lid\u00e9 ka\u017ed\u00fd den mus\u00ed vyrovn\u00e1vat<\/b>, a \u017ee je to pr\u00e1v\u011b hudba Simple Plan, kter\u00e1 jim pom\u00e1h\u00e1 to nevzdat. Se vznikem nadace dopomohl i Chuck\u016fv otec, kter\u00fd se Chucka pot\u00e9, co kapela ji\u017e dos\u00e1hla ur\u010dit\u00e9ho \u00fasp\u011bchu, zeptal: <b><em>&#8222;Pro co p\u0159esn\u011b chce\u0161, aby si t\u011b lid\u00e9 pamatovali?&#8220; <\/em><\/b><\/p>\n<p>Vzhledem k tomu, \u017ee jim samotn\u00fdm jejich fanou\u0161ci pomohli k tomu, aby se jim splnili jejich sny, Simple Plan se rozhodli, \u017ee <b>je na \u010dase jim (a nejen jim) to oplatit<\/b>. <\/p>\n<p>A tak v <b>prosinci 2005 vznikla Simple Plan Foundation<\/b>.<\/p>\n<p>Ji\u017e v minulosti Simple Plan finan\u010dn\u011b pom\u00e1hali r\u016fzn\u00fdm organizac\u00edm, nicm\u00e9n\u011b nejednou se jim stalo, \u017ee pen\u00edze, kter\u00e9 darovali, nakonec \u0161ly n\u011bkam \u00fapln\u011b jinam, ne\u017e kam byly ur\u010deny. Proto se Simple Plan rozhodli ve\u0161ker\u00e9 v\u00fddaje sv\u00e9 vlastn\u00ed nadace pe\u010dliv\u011b hl\u00eddat &#8211; aby ka\u017ed\u00fd dolar \u0161el na dobr\u00e9 \u00fa\u010dely a nikam jinam. <\/p>\n<div class=\"girls\"><b><u>Zam\u011b\u0159en\u00ed a c\u00edle SPF<\/u><\/b><\/div>\n<p>Simple Plan Foundation si stanovila t\u0159i hlavn\u00ed c\u00edle sv\u00e9 pr\u00e1ce:<\/p>\n<p><b>1. Pom\u00e1hat organizac\u00edm, kter\u00e9 pracuj\u00ed s mlad\u00fdmi lidmi, kte\u0159\u00ed \u010del\u00ed t\u011b\u017ek\u00fdm probl\u00e9m\u016fm.<\/b><\/p>\n<p><b>2. Podporovat charitativn\u00ed skupiny, kter\u00e9 pom\u00e1haj\u00ed d\u011btem s \u017eivot-ohro\u017euj\u00edc\u00edmi nemocemi, obzvl\u00e1\u0161t\u011b pacient\u016fm trp\u00edc\u00edm rakovinou.<\/b><\/p>\n<p><b>3. Propagovat hran\u00ed hudby jako zp\u016fsob pomoci mlad\u00fdm lidem naj\u00edt v \u017eivot\u011b v\u00e1\u0161e\u0148, podporovat programy praktikuj\u00edc\u00ed hudebn\u00ed terapii, kter\u00e9 pom\u00e1haj\u00ed nemocn\u00fdm d\u011btem.<\/b><\/p>\n<p>Tyto c\u00edle jsou p\u0159edev\u0161\u00edm zalo\u017eeny na tom, co samotn\u00ed \u010dlenov\u00e9 Simple Plan pova\u017euj\u00ed za d\u016fle\u017eit\u00e9. Pierre a Jeff se oba ve sv\u00fdch rodin\u00e1ch setkali s rakovinou, kter\u00e1 nav\u017edy zm\u011bnila jejich \u017eivoty a od t\u00e9 doby se rozhodli proti ni o to v\u00edce bojovat. Cel\u00e1 kapela je samoz\u0159ejm\u011b velk\u00fdmi hudebn\u00edmi milovn\u00edky a sami moc dob\u0159e v\u00ed, \u017ee hudba m\u016f\u017ee lidem p\u0159ekonat t\u011b\u017ek\u00e9 chv\u00edle, a pr\u00e1v\u011b proto se sna\u017e\u00ed podporovat r\u016fzn\u00e9 hudebn\u00ed programy, kter\u00e9 pom\u00e1haj\u00ed lidem m\u00edt ze \u017eivota radost.<\/p>\n<div class=\"girls\"><b><u>Jak SPF funguje a kam pen\u00edze ze SPF putuj\u00ed<\/u><\/b><\/div>\n<p>Aby SPF zaru\u010dila, \u017ee v\u0161echny pen\u00edze, kter\u00e9 z\u00edsk\u00e1, jdou jenom na dobrou v\u011bc, ve\u0161ke\u0159\u00ed pracovn\u00edci v nadaci jsou dobrovoln\u00edci, kte\u0159\u00ed za svou pr\u00e1ci nedost\u00e1vaj\u00ed \u017e\u00e1dnou finan\u010dn\u00ed odm\u011bnu. <b>Hlavn\u00edmi sou\u010d\u00e1stmi nadace jsou samoz\u0159ejm\u011b \u010dlenov\u00e9 kapely Simple Plan: Chuck, David, Sebastien, Pierre a Jeff<\/b>. Krom\u011b nich m\u00e1 nadace vlastn\u00edho <b>vice-prezidenta, j\u00edm\u017e je Andr\u00e9 Prud&#8217;Homme<\/b> a mezi dal\u0161\u00ed osoby, kter\u00e9 se v r\u00e1mci nadace vysoce anga\u017euj\u00ed jsou nap\u0159\u00edklad oba <b>rodi\u010de Chucka Comeau: Andr\u00e9 Comeau a Francois Talbot<\/b>. <\/p>\n<p>Finan\u010dn\u00ed prost\u0159edky nadace z\u00edsk\u00e1v\u00e1 hned z n\u011bkolika zdroj\u016f: jak od jednotlivc\u016f (p\u0159es online donace nebo \u0161eky) a organizac\u00ed, tak i vlastn\u00ed charitativn\u00ed \u010dinnost\u00ed.<br \/>\nSimple Plan p\u0159edev\u0161\u00edm ka\u017ed\u00fd rok (od roku 2008) v r\u00e1mci sv\u00e9 nadace organizuj\u00ed kolem m\u011bs\u00edce z\u00e1\u0159\u00ed <b>speci\u00e1ln\u00ed v\u00fdro\u010dn\u00ed benefi\u010dn\u00ed akci SPF<\/b>, jej\u00ed\u017e n\u00e1v\u0161t\u011bvn\u00edci se m\u016f\u017eou \u010dasto z\u00fa\u010dastnit tich\u00e9 aukce a vystoupen\u00ed Simple Plan &#8211; a to v r\u016fzn\u00fdch obdob\u00e1ch. Nap\u0159\u00edklad v roce 2011 byla benefi\u010dn\u00ed akce Simple Plan Foundation po\u0159\u00e1d\u00e1na v r\u00e1mci speci\u00e1ln\u00edho koncertu kolaborace Simple Plan s montrealsk\u00fdm symfonick\u00fdm orchestrem. Ve\u0161ker\u00e9 v\u00fdt\u011b\u017eky z t\u011bchto akc\u00ed pot\u00e9 putuj\u00ed pr\u00e1v\u011b do SPF. <b>Od sv\u00e9ho zalo\u017een\u00ed do konce roku 2016 Simple Plan Foundation v darech z\u00edskala (a n\u00e1sledn\u011b v\u011bnovala r\u016fzn\u00fdm charitativn\u00edm organizac\u00edm) v\u00edce jak 2 miliony dolar\u016f.<\/b>.<\/p>\n<p><img decoding=\"async\" style=\"margin: 20px;\" src=\"http:\/\/www.simpleplan.cz\/images\/spf2.gif\" alt=\"\" align=\"right\" \/>Dal\u0161\u00edm zp\u016fsobem, kter\u00fdm Simple Plan Foundation z\u00edsk\u00e1v\u00e1 finan\u010dn\u00ed prost\u0159edky, jsou r\u016fzn\u00e9 <b>drobn\u011bj\u0161\u00ed charitativn\u00ed akce a kampan\u011b<\/b>, kter\u00fdch se \u00fa\u010dastn\u00ed, nebo pravidla, kter\u00e1 maj\u00ed stanovena: nap\u0159\u00edklad <b>z ka\u017ed\u00e9ho prodan\u00e9ho l\u00edstku na jak\u00fdkoliv koncert Simple Plan jde v\u017edy jeden dolar pr\u00e1v\u011b do SPF<\/b>. Stejn\u011b tak jde do SPF jeden dolar i z ka\u017ed\u00e9ho zakoupen\u00e9ho \u010dlenstv\u00ed v ofici\u00e1ln\u00edm fanklubu Simple Plan &#8211; SP Crew nebo ve\u0161ker\u00e9 v\u00fdt\u011b\u017eky z prodeje singlu &#8222;Save You&#8220; p\u0159es iTunes. Charitativn\u00edmi akcemi a kampan\u011bmi jsou pak na mysli nap\u0159\u00edklad prodeje speci\u00e1ln\u00edch tri\u010dek nebo Simple Plan hokejky &#8211; p\u0159i\u010dem\u017e ve\u0161ker\u00e9 v\u00fdt\u011b\u017eky \u0161ly bu\u010f p\u0159\u00edmo do konkr\u00e9tn\u00edch charitativn\u00edch organizac\u00ed (u Japonska to byl \u010cerven\u00fd k\u0159\u00ed\u017e) nebo do SPF.<\/p>\n<p>Na ka\u017edoro\u010dn\u00edch benefi\u010dn\u00edch akc\u00edch pak Simple Plan Foundation v\u017edy ozn\u00e1m\u00ed, kter\u00fdm organizac\u00edm ten dan\u00fd rok nab\u00eddne finan\u010dn\u00ed podporu. Dlouholet\u00fdmi recipienty t\u00e9to pomoci ze strany Simple Plan Foundation jsou nap\u0159\u00edklad organizace jako:<\/p>\n<p>&#8211; <b><em>War Child<\/em><\/b> (organizace podporuj\u00edc\u00ed d\u011bti v oblastech zasa\u017een\u00fdch v\u00e1lkou &#8211; d\u00edky pomoci Simple Plan byly u\u017e nap\u0159\u00edklad v Kongu vystav\u011bny t\u0159i \u0161koly)<\/p>\n<p>&#8211; <b><em>\u010cerven\u00fd k\u0159\u00ed\u017e<\/em><\/b> (na podporu ob\u011bt\u00ed zem\u011bt\u0159esen\u00ed v Japonsku v roce 2011 Simple Plan navrhli vlastn\u00ed tri\u010dko, p\u0159i\u010dem\u017e v\u00fdt\u011b\u017eky z jeho prodeje \u0161ly pr\u00e1v\u011b do \u010cerven\u00e9ho k\u0159\u00ed\u017ee)<\/p>\n<p>&#8211; <b><em>MADD &#8211; Matky proti alkoholu za volantem <\/em><\/b> (Simple Plan se anga\u017euj\u00ed v r\u00e1mci kampan\u00ed proti alkoholu za volantem &#8211; k \u010demu\u017e vyu\u017e\u00edvaj\u00ed nap\u0159\u00edklad sv\u00e9ho videoklipu k p\u00edsni &#8222;Untitled&#8220;)<\/p>\n<p>&#8211; <b><em>Leucan<\/em><\/b> (organizace, kter\u00e1 pom\u00e1h\u00e1 lidem s rakovinou, se kterou Simple Plan spolupracuj\u00ed ji\u017e l\u00e9ta &#8211; nap\u0159\u00edklad p\u0159i organizaci ly\u017ea\u0159sk\u00e9 akce pro nemocn\u00e9 v Bromontu, v Kanad\u011b)<\/p>\n<p>&#8211; <b><em>Kids Help Phone<\/em><\/b> (bezplatn\u00e1 telefonn\u00ed linka pom\u00e1haj\u00edc\u00ed d\u011btem s nejr\u016fzn\u011bj\u0161\u00edmi typy probl\u00e9m\u016f &#8211; Simple Plan j\u00ed v roce 2011 pomohli prodejem speci\u00e1ln\u00edho &#8222;I Got My Heart On For You&#8220; tri\u010dka)<\/p>\n<p>Toto je jenom mal\u00fd v\u00fd\u010det n\u011bkolika organizac\u00ed, kter\u00e9 se Simple Plan Foundation spolupracuj\u00ed. Celkov\u00fd seznam se rok od roku \u010d\u00e1ste\u010dn\u011b m\u011bn\u00ed, ale p\u0159edev\u0161\u00edm p\u0159ib\u00fdvaj\u00ed dal\u0161\u00ed organizace, jejich\u017e \u00fa\u010del je podobn\u00fd c\u00edl\u016fm, kter\u00e9 si Simple Plan Foundation stanovila.<\/p>\n<div class=\"girls\"><b><u>Ocen\u011bn\u00ed za charitativn\u00ed z\u00e1sluhy<\/u><\/b><\/div>\n<p><img decoding=\"async\" style=\"margin: 20px;\" src=\"http:\/\/www.simpleplan.cz\/images\/spf3.gif\" alt=\"\" align=\"right\" \/>V roce 2012 byli Simple Plan poprv\u00e9 ve\u0159ejn\u011b ocen\u011bni za svou mnoholetou pr\u00e1ci se svou nadac\u00ed, kdy\u017e v r\u00e1mci p\u0159ed\u00e1v\u00e1n\u00ed ocen\u011bn\u00ed Juno Awards z\u00edskali presti\u017en\u00ed <b>humanit\u00e1rn\u00ed ocen\u011bn\u00ed Allana Waterse<\/b>, kter\u00e9 b\u00fdv\u00e1 ka\u017ed\u00fdm rokem oce\u0148ov\u00e1n ten um\u011blec, jeho\u017e charitativn\u00ed z\u00e1sluhy m\u011bly v Kanad\u011b velmi pozitivn\u00ed dopad. Stali se tak nejmlad\u0161\u00edmi dr\u017eiteli t\u00e9to ceny v historii.<\/p>\n<p>V roce 2013 pak kapela obdr\u017eela <b>medaili diamantov\u00e9ho v\u00fdro\u010d\u00ed kr\u00e1lovny Al\u017eb\u011bty II.<\/b> za Simple Plan Foundation a o n\u011bkolik t\u00fddn\u016f pozd\u011bji tak\u00e9 ocen\u011bn\u00ed <b>Allan Slaight Humanitarian Spirit Award<\/b> na Canadian Radio Music Awards. O rok pozd\u011bji, v roce 2014, byli \u010dlenov\u00e9 kapely poct\u011bni <b>Medail\u00ed m\u00edru od YMCA<\/b>, op\u011bt za jejich charitativn\u00ed snahy. V roce 2017 pak kapela obdr\u017eela v\u00fdznamn\u00fd kanadsk\u00fd \u0159\u00e1d &#8211; <b>K\u0159\u00ed\u017e za z\u00e1sluhy<\/b> &#8211; a to p\u0159\u00edmo od samotn\u00e9ho gener\u00e1ln\u00edho guvern\u00e9ra Kanady. <\/p>\n<div class=\"girls\"><b><u>P\u0159\u00ednos Simple Plan Foundation<\/u><\/b><\/div>\n<p>Simple Plan Foundation za celou dobu sv\u00e9 existence pomohla stovk\u00e1m, ne-li tis\u00edc\u016fm mlad\u00fdm lidem. Jejich pozitivn\u00ed reakce, kter\u00fdch se potom od nich Simple Plan dost\u00e1v\u00e1, pro kapelu znamenaj\u00ed hrozn\u011b moc. Chuckova slova hovo\u0159\u00ed v tomto p\u0159\u00edpad\u011b za v\u0161e:<\/p>\n<blockquote><p><i>&#8222;Up\u0159\u00edmn\u011b, je to v\u00edce pr\u00e1ce, ne\u017e jsem si kdy myslel, ale je t\u011b\u017ek\u00e9 vyj\u00e1d\u0159it, jak uspokojuj\u00edc\u00ed to je a jak moc n\u00e1m tato zku\u0161enost zm\u011bnila na\u0161e \u017eivoty. Nikdy jsem si nep\u0159edstavoval, \u017ee bych na n\u011bco mohl b\u00fdt tak hrd\u00fd. <b>Kdy\u017e potk\u00e1v\u00e1me lidi, kter\u00fdm jsme pomohli, je t\u011b\u017ek\u00e9 neb\u00fdt dojat a nem\u00edt ze sebe dobr\u00fd pocit.<\/b><\/p>\n<p>Samoz\u0159ejm\u011b si pln\u011b uv\u011bdomuji, \u017ee n\u00e1\u0161 p\u0159\u00ednos se SPF je jen kapkou v oce\u00e1nu, ale <b>mou nejv\u011bt\u0161\u00ed nad\u011bj\u00ed je, \u017ee mo\u017en\u00e1 Simple Plan Foundation inspiruje dal\u0161\u00ed kapely a mlad\u00e9 fanou\u0161ky hudby k tomu, aby se tak\u00e9 zapojili<\/b>. Ve sv\u011bt\u011b posedl\u00e9m skand\u00e1ly celebrit a drby by to byl dobr\u00fd za\u010d\u00e1tek, ne?&#8220;<\/i><br \/>\n<center> &#8211; Chuck Comeau &#8211; <\/center><\/p><\/blockquote>\n<\/div>\n<div class=\"fblikebutton_button\" style=\"float: left; padding-top: 20px; margin-right: 20px; padding-bottom: 20px; padding-left: 20px;\"><iframe src=\"http:\/\/www.facebook.com\/plugins\/like.php?href=https%3A%2F%2Fwww.simpleplan.cz%2Fcz%2Findex.php%2Fkapela%2Fsimple-plan-foundation%2F&amp;layout=standard&amp;show-faces=false&amp;width=450&amp;action=like&amp;colorscheme=light\" scrolling=\"no\" frameborder=\"0\" allowTransparency=\"true\" style=\"border:none; overflow:hidden; width:450px; height:26px\"><\/iframe><\/div>\n","protected":false},"excerpt":{"rendered":"<p>Zalo\u017een\u00ed Simple Plan Foundation Hudba nen\u00ed jedinou z\u00e1le\u017eitost\u00ed, ve kter\u00e9 se Simple Plan anga\u017euj\u00ed. Jednou<\/p>\n","protected":false},"author":5,"featured_media":0,"parent":5237,"menu_order":0,"comment_status":"open","ping_status":"open","template":"page-templates\/full-width.php","meta":{"footnotes":""},"yoast_head":"<!-- This site is optimized with the Yoast SEO plugin v20.9 - https:\/\/yoast.com\/wordpress\/plugins\/seo\/ -->\n<title>Simple Plan Foundation | CZ: SimplePlan.cz<\/title>\n<meta name=\"robots\" content=\"index, follow, max-snippet:-1, max-image-preview:large, max-video-preview:-1\" \/>\n<link rel=\"canonical\" href=\"https:\/\/www.simpleplan.cz\/cz\/index.php\/kapela\/simple-plan-foundation\/\" \/>\n<meta property=\"og:locale\" content=\"cs_CZ\" \/>\n<meta property=\"og:type\" content=\"article\" \/>\n<meta property=\"og:title\" content=\"Simple Plan Foundation | CZ: SimplePlan.cz\" \/>\n<meta property=\"og:description\" content=\"Zalo\u017een\u00ed Simple Plan Foundation Hudba nen\u00ed jedinou z\u00e1le\u017eitost\u00ed, ve kter\u00e9 se Simple Plan anga\u017euj\u00ed. Jednou\" \/>\n<meta property=\"og:url\" content=\"https:\/\/www.simpleplan.cz\/cz\/index.php\/kapela\/simple-plan-foundation\/\" \/>\n<meta property=\"og:site_name\" content=\"CZ: SimplePlan.cz\" \/>\n<meta property=\"article:publisher\" content=\"http:\/\/www.facebook.com\/simpleplancz\" \/>\n<meta property=\"article:modified_time\" content=\"2023-06-26T07:30:16+00:00\" \/>\n<meta property=\"og:image\" content=\"http:\/\/www.simpleplan.cz\/images\/spf.gif\" \/>\n<meta name=\"twitter:card\" content=\"summary_large_image\" \/>\n<meta name=\"twitter:site\" content=\"@simpleplancz\" \/>\n<meta name=\"twitter:label1\" content=\"Odhadovan\u00e1 doba \u010dten\u00ed\" \/>\n\t<meta name=\"twitter:data1\" content=\"7 minut\" \/>\n<script type=\"application\/ld+json\" class=\"yoast-schema-graph\">{\"@context\":\"https:\/\/schema.org\",\"@graph\":[{\"@type\":\"WebPage\",\"@id\":\"https:\/\/www.simpleplan.cz\/cz\/index.php\/kapela\/simple-plan-foundation\/\",\"url\":\"https:\/\/www.simpleplan.cz\/cz\/index.php\/kapela\/simple-plan-foundation\/\",\"name\":\"Simple Plan Foundation | CZ: SimplePlan.cz\",\"isPartOf\":{\"@id\":\"https:\/\/www.simpleplan.cz\/cz\/#website\"},\"datePublished\":\"2012-04-09T10:09:36+00:00\",\"dateModified\":\"2023-06-26T07:30:16+00:00\",\"breadcrumb\":{\"@id\":\"https:\/\/www.simpleplan.cz\/cz\/index.php\/kapela\/simple-plan-foundation\/#breadcrumb\"},\"inLanguage\":\"cs\",\"potentialAction\":[{\"@type\":\"ReadAction\",\"target\":[\"https:\/\/www.simpleplan.cz\/cz\/index.php\/kapela\/simple-plan-foundation\/\"]}]},{\"@type\":\"BreadcrumbList\",\"@id\":\"https:\/\/www.simpleplan.cz\/cz\/index.php\/kapela\/simple-plan-foundation\/#breadcrumb\",\"itemListElement\":[{\"@type\":\"ListItem\",\"position\":1,\"name\":\"Dom\u016f\",\"item\":\"https:\/\/www.simpleplan.cz\/cz\/\"},{\"@type\":\"ListItem\",\"position\":2,\"name\":\"Kapela\",\"item\":\"https:\/\/www.simpleplan.cz\/cz\/index.php\/kapela\/\"},{\"@type\":\"ListItem\",\"position\":3,\"name\":\"Simple Plan Foundation\"}]},{\"@type\":\"WebSite\",\"@id\":\"https:\/\/www.simpleplan.cz\/cz\/#website\",\"url\":\"https:\/\/www.simpleplan.cz\/cz\/\",\"name\":\"CZ: SimplePlan.cz\",\"description\":\"Nejlep\u0161\u00ed zdroj informac\u00ed o kapele Simple Plan\",\"publisher\":{\"@id\":\"https:\/\/www.simpleplan.cz\/cz\/#organization\"},\"potentialAction\":[{\"@type\":\"SearchAction\",\"target\":{\"@type\":\"EntryPoint\",\"urlTemplate\":\"https:\/\/www.simpleplan.cz\/cz\/?s={search_term_string}\"},\"query-input\":\"required name=search_term_string\"}],\"inLanguage\":\"cs\"},{\"@type\":\"Organization\",\"@id\":\"https:\/\/www.simpleplan.cz\/cz\/#organization\",\"name\":\"CZ: SimplePlan.cz\",\"url\":\"https:\/\/www.simpleplan.cz\/cz\/\",\"logo\":{\"@type\":\"ImageObject\",\"inLanguage\":\"cs\",\"@id\":\"https:\/\/www.simpleplan.cz\/cz\/#\/schema\/logo\/image\/\",\"url\":\"https:\/\/www.simpleplan.cz\/cz\/wp-content\/uploads\/spczlogo.png\",\"contentUrl\":\"https:\/\/www.simpleplan.cz\/cz\/wp-content\/uploads\/spczlogo.png\",\"width\":250,\"height\":190,\"caption\":\"CZ: SimplePlan.cz\"},\"image\":{\"@id\":\"https:\/\/www.simpleplan.cz\/cz\/#\/schema\/logo\/image\/\"},\"sameAs\":[\"http:\/\/www.facebook.com\/simpleplancz\",\"https:\/\/twitter.com\/simpleplancz\",\"http:\/\/www.instagram.com\/simpleplancz\",\"http:\/\/www.youtube.com\/simpleplancz\"]}]}<\/script>\n<!-- \/ Yoast SEO plugin. -->","yoast_head_json":{"title":"Simple Plan Foundation | CZ: SimplePlan.cz","robots":{"index":"index","follow":"follow","max-snippet":"max-snippet:-1","max-image-preview":"max-image-preview:large","max-video-preview":"max-video-preview:-1"},"canonical":"https:\/\/www.simpleplan.cz\/cz\/index.php\/kapela\/simple-plan-foundation\/","og_locale":"cs_CZ","og_type":"article","og_title":"Simple Plan Foundation | CZ: SimplePlan.cz","og_description":"Zalo\u017een\u00ed Simple Plan Foundation Hudba nen\u00ed jedinou z\u00e1le\u017eitost\u00ed, ve kter\u00e9 se Simple Plan anga\u017euj\u00ed. Jednou","og_url":"https:\/\/www.simpleplan.cz\/cz\/index.php\/kapela\/simple-plan-foundation\/","og_site_name":"CZ: SimplePlan.cz","article_publisher":"http:\/\/www.facebook.com\/simpleplancz","article_modified_time":"2023-06-26T07:30:16+00:00","og_image":[{"url":"http:\/\/www.simpleplan.cz\/images\/spf.gif"}],"twitter_card":"summary_large_image","twitter_site":"@simpleplancz","twitter_misc":{"Odhadovan\u00e1 doba \u010dten\u00ed":"7 minut"},"schema":{"@context":"https:\/\/schema.org","@graph":[{"@type":"WebPage","@id":"https:\/\/www.simpleplan.cz\/cz\/index.php\/kapela\/simple-plan-foundation\/","url":"https:\/\/www.simpleplan.cz\/cz\/index.php\/kapela\/simple-plan-foundation\/","name":"Simple Plan Foundation | CZ: SimplePlan.cz","isPartOf":{"@id":"https:\/\/www.simpleplan.cz\/cz\/#website"},"datePublished":"2012-04-09T10:09:36+00:00","dateModified":"2023-06-26T07:30:16+00:00","breadcrumb":{"@id":"https:\/\/www.simpleplan.cz\/cz\/index.php\/kapela\/simple-plan-foundation\/#breadcrumb"},"inLanguage":"cs","potentialAction":[{"@type":"ReadAction","target":["https:\/\/www.simpleplan.cz\/cz\/index.php\/kapela\/simple-plan-foundation\/"]}]},{"@type":"BreadcrumbList","@id":"https:\/\/www.simpleplan.cz\/cz\/index.php\/kapela\/simple-plan-foundation\/#breadcrumb","itemListElement":[{"@type":"ListItem","position":1,"name":"Dom\u016f","item":"https:\/\/www.simpleplan.cz\/cz\/"},{"@type":"ListItem","position":2,"name":"Kapela","item":"https:\/\/www.simpleplan.cz\/cz\/index.php\/kapela\/"},{"@type":"ListItem","position":3,"name":"Simple Plan Foundation"}]},{"@type":"WebSite","@id":"https:\/\/www.simpleplan.cz\/cz\/#website","url":"https:\/\/www.simpleplan.cz\/cz\/","name":"CZ: SimplePlan.cz","description":"Nejlep\u0161\u00ed zdroj informac\u00ed o kapele Simple Plan","publisher":{"@id":"https:\/\/www.simpleplan.cz\/cz\/#organization"},"potentialAction":[{"@type":"SearchAction","target":{"@type":"EntryPoint","urlTemplate":"https:\/\/www.simpleplan.cz\/cz\/?s={search_term_string}"},"query-input":"required name=search_term_string"}],"inLanguage":"cs"},{"@type":"Organization","@id":"https:\/\/www.simpleplan.cz\/cz\/#organization","name":"CZ: SimplePlan.cz","url":"https:\/\/www.simpleplan.cz\/cz\/","logo":{"@type":"ImageObject","inLanguage":"cs","@id":"https:\/\/www.simpleplan.cz\/cz\/#\/schema\/logo\/image\/","url":"https:\/\/www.simpleplan.cz\/cz\/wp-content\/uploads\/spczlogo.png","contentUrl":"https:\/\/www.simpleplan.cz\/cz\/wp-content\/uploads\/spczlogo.png","width":250,"height":190,"caption":"CZ: SimplePlan.cz"},"image":{"@id":"https:\/\/www.simpleplan.cz\/cz\/#\/schema\/logo\/image\/"},"sameAs":["http:\/\/www.facebook.com\/simpleplancz","https:\/\/twitter.com\/simpleplancz","http:\/\/www.instagram.com\/simpleplancz","http:\/\/www.youtube.com\/simpleplancz"]}]}},"_links":{"self":[{"href":"https:\/\/www.simpleplan.cz\/cz\/index.php\/wp-json\/wp\/v2\/pages\/9848"}],"collection":[{"href":"https:\/\/www.simpleplan.cz\/cz\/index.php\/wp-json\/wp\/v2\/pages"}],"about":[{"href":"https:\/\/www.simpleplan.cz\/cz\/index.php\/wp-json\/wp\/v2\/types\/page"}],"author":[{"embeddable":true,"href":"https:\/\/www.simpleplan.cz\/cz\/index.php\/wp-json\/wp\/v2\/users\/5"}],"replies":[{"embeddable":true,"href":"https:\/\/www.simpleplan.cz\/cz\/index.php\/wp-json\/wp\/v2\/comments?post=9848"}],"version-history":[{"count":23,"href":"https:\/\/www.simpleplan.cz\/cz\/index.php\/wp-json\/wp\/v2\/pages\/9848\/revisions"}],"predecessor-version":[{"id":22388,"href":"https:\/\/www.simpleplan.cz\/cz\/index.php\/wp-json\/wp\/v2\/pages\/9848\/revisions\/22388"}],"up":[{"embeddable":true,"href":"https:\/\/www.simpleplan.cz\/cz\/index.php\/wp-json\/wp\/v2\/pages\/5237"}],"wp:attachment":[{"href":"https:\/\/www.simpleplan.cz\/cz\/index.php\/wp-json\/wp\/v2\/media?parent=9848"}],"curies":[{"name":"wp","href":"https:\/\/api.w.org\/{rel}","templated":true}]}}