{"id":2734,"date":"2010-07-24T14:24:30","date_gmt":"2010-07-24T12:24:30","guid":{"rendered":"http:\/\/www.simpleplan.cz\/wordpress_en\/?page_id=2734"},"modified":"2018-12-04T17:48:17","modified_gmt":"2018-12-04T16:48:17","slug":"sebastien-lefebvre","status":"publish","type":"page","link":"https:\/\/www.simpleplan.cz\/en\/index.php\/band\/members\/sebastien-lefebvre\/","title":{"rendered":"Sebastien Lefebvre"},"content":{"rendered":"<div class=\"pagecontent\"><center><img decoding=\"async\" style=\"margin: 6px;\" src=\"http:\/\/i.imgur.com\/LbD0HbO.png\"\/><\/center><\/p>\n<p><center><b><strong>Full Name<\/strong>: Ga\u00e9tan-Jean S\u00e9bastien Lefebvre P\u00e9pin, CSM<\/b><br \/>\n<strong>Date of birth<\/strong>: June 5th 1981<br \/>\n<strong>In band<\/strong>: guitar player and back vocals<\/center><\/p>\n<div class=\"musichead\">Basic information:<\/div>\n<p><strong>Hair color<\/strong>: brown<br \/>\n<strong>Eye color<\/strong>: blue<br \/>\n<strong>Height<\/strong>: 5&#8217;8&#8243;<br \/>\n<strong>Shoe size<\/strong>: 8<br \/>\n<strong>Shirt size<\/strong>: S (small)<\/p>\n<div class=\"musichead\">Favorite:<\/div>\n<p><strong>Color<\/strong>: blue<br \/>\n<strong>Country:<\/strong>: Japan<br \/>\n<strong>Food<\/strong>: sushi<br \/>\n<strong>Drink<\/strong>: vodka soda with lime<br \/>\n<strong>Song<\/strong>: &#8220;Unvravel&#8221; by Bjork<br \/>\n<strong>Movie<\/strong>: Garden State<br \/>\n<strong>TV shows<\/strong>: Family Guy, The Simpsons, Dexter, 24, Lost<br \/>\n<strong>Book<\/strong>: Harry Potter &#8211; J.K.Rowling<br \/>\n<strong>First concert ever attended<\/strong>: Reset<\/p>\n<div class=\"musichead\">Family:<\/div>\n<p><strong>Wife<\/strong>: Laurence<br \/>\n<strong>Daughter<\/strong>: Clara<br \/>\n<strong>Brother<\/strong>: Jay<br \/>\n<strong>Sisters<\/strong>: H\u00e9loise &amp; Andr\u00e9e-Anne<br \/>\n<strong>Dad<\/strong>: Jean<br \/>\n<strong>Mum<\/strong>: Lorraine<\/p>\n<div class=\"musichead\">What does he like about other SP members?<\/div>\n<p><strong>About Pierre:<\/strong> his hair<br \/>\n<strong>About David:<\/strong> his hat<br \/>\n<strong>About Chuck:<\/strong> his shape<br \/>\n<strong>About Jeff:<\/strong> his head<\/p>\n<div class=\"musichead\">Other info:<\/div>\n<p>&#8211; Sebastien has a radio show on idobi radio with Patrick Langlois called <a href=\"http:\/\/www.simpleplan.cz\/en\/index.php\/band\/side-projects\/man-of-the-hour\/\" title=\"Man Of The Hour\">Man Of The Hour<\/a><br \/>\n&#8211; besides Simple Plan, Sebastien also makes <a href=\"http:\/\/www.simpleplan.cz\/en\/index.php\/band\/side-projects\/sebastiens-music\/\" title=\"Sebastien\u2019s music\">music on his own<\/a> (released a couple of EPs in the past) and also works as a producer for various artists such as Wilfred Lebouthillier or Andee.<br \/>\n&#8211; his first child &#8211; daughter Clara &#8211; was born in September 2014<br \/>\n&#8211; he used to work as a janitor on his high school<br \/>\n&#8211; he drives an Audi<br \/>\n&#8211; his best memory with Simple Plan was Bell Center and safari in South Africa<\/div>\n<div class=\"fblikebutton_button\" style=\"float: left; padding-top: 20px; margin-right: 20px; padding-bottom: 20px; padding-left: 20px; padding-bottom: 20px;\"><iframe src=\"http:\/\/www.facebook.com\/plugins\/like.php?href=https%3A%2F%2Fwww.simpleplan.cz%2Fen%2Findex.php%2Fband%2Fmembers%2Fsebastien-lefebvre%2F&amp;layout=standard&amp;show-faces=false&amp;width=450&amp;action=like&amp;colorscheme=light\" scrolling=\"no\" frameborder=\"0\" allowTransparency=\"true\" style=\"border:none; overflow:hidden; width:450px; height:26px\"><\/iframe><\/div>\n","protected":false},"excerpt":{"rendered":"<p>Full Name: Ga\u00e9tan-Jean S\u00e9bastien Lefebvre P\u00e9pin, CSM Date of birth: June 5th 1981 In band: guitar player and back vocals Basic information: Hair color: brown Eye color: blue Height: 5&#8217;8&#8243; Shoe size: 8 Shirt size: S (small) Favorite: Color: blue Country:: Japan Food: sushi Drink:&#8230; <\/p>\n<div class=\"view-full-post\"><a href=\"https:\/\/www.simpleplan.cz\/en\/index.php\/band\/members\/sebastien-lefebvre\/\" class=\"view-full-post-btn\">Read more<\/a><\/div>\n","protected":false},"author":3,"featured_media":0,"parent":2724,"menu_order":0,"comment_status":"closed","ping_status":"closed","template":"page-templates\/full-width.php","meta":{"footnotes":""},"class_list":["post-2734","page","type-page","status-publish","hentry"],"yoast_head":"<!-- This site is optimized with the Yoast SEO plugin v27.3 - https:\/\/yoast.com\/product\/yoast-seo-wordpress\/ -->\n<title>Sebastien Lefebvre | EN: SimplePlan.cz<\/title>\n<meta name=\"robots\" content=\"index, follow, max-snippet:-1, max-image-preview:large, max-video-preview:-1\" \/>\n<link rel=\"canonical\" href=\"https:\/\/www.simpleplan.cz\/en\/index.php\/band\/members\/sebastien-lefebvre\/\" \/>\n<meta property=\"og:locale\" content=\"en_US\" \/>\n<meta property=\"og:type\" content=\"article\" \/>\n<meta property=\"og:title\" content=\"Sebastien Lefebvre | EN: SimplePlan.cz\" \/>\n<meta property=\"og:description\" content=\"Full Name: Ga\u00e9tan-Jean S\u00e9bastien Lefebvre P\u00e9pin, CSM Date of birth: June 5th 1981 In band: guitar player and back vocals Basic information: Hair color: brown Eye color: blue Height: 5&#8217;8&#8243; Shoe size: 8 Shirt size: S (small) Favorite: Color: blue Country:: Japan Food: sushi Drink:... Read more\" \/>\n<meta property=\"og:url\" content=\"https:\/\/www.simpleplan.cz\/en\/index.php\/band\/members\/sebastien-lefebvre\/\" \/>\n<meta property=\"og:site_name\" content=\"EN: SimplePlan.cz\" \/>\n<meta property=\"article:publisher\" content=\"http:\/\/www.facebook.com\/simpleplancz\" \/>\n<meta property=\"article:modified_time\" content=\"2018-12-04T16:48:17+00:00\" \/>\n<meta property=\"og:image\" content=\"http:\/\/i.imgur.com\/LbD0HbO.png\" \/>\n<meta name=\"twitter:card\" content=\"summary_large_image\" \/>\n<meta name=\"twitter:site\" content=\"@simpleplancz\" \/>\n<meta name=\"twitter:label1\" content=\"Est. reading time\" \/>\n\t<meta name=\"twitter:data1\" content=\"1 minute\" \/>\n<script type=\"application\/ld+json\" class=\"yoast-schema-graph\">{\"@context\":\"https:\\\/\\\/schema.org\",\"@graph\":[{\"@type\":\"WebPage\",\"@id\":\"https:\\\/\\\/www.simpleplan.cz\\\/en\\\/index.php\\\/band\\\/members\\\/sebastien-lefebvre\\\/\",\"url\":\"https:\\\/\\\/www.simpleplan.cz\\\/en\\\/index.php\\\/band\\\/members\\\/sebastien-lefebvre\\\/\",\"name\":\"Sebastien Lefebvre | EN: SimplePlan.cz\",\"isPartOf\":{\"@id\":\"https:\\\/\\\/www.simpleplan.cz\\\/en\\\/#website\"},\"primaryImageOfPage\":{\"@id\":\"https:\\\/\\\/www.simpleplan.cz\\\/en\\\/index.php\\\/band\\\/members\\\/sebastien-lefebvre\\\/#primaryimage\"},\"image\":{\"@id\":\"https:\\\/\\\/www.simpleplan.cz\\\/en\\\/index.php\\\/band\\\/members\\\/sebastien-lefebvre\\\/#primaryimage\"},\"thumbnailUrl\":\"http:\\\/\\\/i.imgur.com\\\/LbD0HbO.png\",\"datePublished\":\"2010-07-24T12:24:30+00:00\",\"dateModified\":\"2018-12-04T16:48:17+00:00\",\"breadcrumb\":{\"@id\":\"https:\\\/\\\/www.simpleplan.cz\\\/en\\\/index.php\\\/band\\\/members\\\/sebastien-lefebvre\\\/#breadcrumb\"},\"inLanguage\":\"en-US\",\"potentialAction\":[{\"@type\":\"ReadAction\",\"target\":[\"https:\\\/\\\/www.simpleplan.cz\\\/en\\\/index.php\\\/band\\\/members\\\/sebastien-lefebvre\\\/\"]}]},{\"@type\":\"ImageObject\",\"inLanguage\":\"en-US\",\"@id\":\"https:\\\/\\\/www.simpleplan.cz\\\/en\\\/index.php\\\/band\\\/members\\\/sebastien-lefebvre\\\/#primaryimage\",\"url\":\"http:\\\/\\\/i.imgur.com\\\/LbD0HbO.png\",\"contentUrl\":\"http:\\\/\\\/i.imgur.com\\\/LbD0HbO.png\"},{\"@type\":\"BreadcrumbList\",\"@id\":\"https:\\\/\\\/www.simpleplan.cz\\\/en\\\/index.php\\\/band\\\/members\\\/sebastien-lefebvre\\\/#breadcrumb\",\"itemListElement\":[{\"@type\":\"ListItem\",\"position\":1,\"name\":\"Home\",\"item\":\"https:\\\/\\\/www.simpleplan.cz\\\/en\\\/\"},{\"@type\":\"ListItem\",\"position\":2,\"name\":\"Band\",\"item\":\"https:\\\/\\\/www.simpleplan.cz\\\/en\\\/index.php\\\/band\\\/\"},{\"@type\":\"ListItem\",\"position\":3,\"name\":\"Band members\",\"item\":\"https:\\\/\\\/www.simpleplan.cz\\\/en\\\/index.php\\\/band\\\/members\\\/\"},{\"@type\":\"ListItem\",\"position\":4,\"name\":\"Sebastien Lefebvre\"}]},{\"@type\":\"WebSite\",\"@id\":\"https:\\\/\\\/www.simpleplan.cz\\\/en\\\/#website\",\"url\":\"https:\\\/\\\/www.simpleplan.cz\\\/en\\\/\",\"name\":\"EN: SimplePlan.cz\",\"description\":\"The best source for news about the band Simple Plan\",\"publisher\":{\"@id\":\"https:\\\/\\\/www.simpleplan.cz\\\/en\\\/#organization\"},\"potentialAction\":[{\"@type\":\"SearchAction\",\"target\":{\"@type\":\"EntryPoint\",\"urlTemplate\":\"https:\\\/\\\/www.simpleplan.cz\\\/en\\\/?s={search_term_string}\"},\"query-input\":{\"@type\":\"PropertyValueSpecification\",\"valueRequired\":true,\"valueName\":\"search_term_string\"}}],\"inLanguage\":\"en-US\"},{\"@type\":\"Organization\",\"@id\":\"https:\\\/\\\/www.simpleplan.cz\\\/en\\\/#organization\",\"name\":\"EN: SimplePlan.cz\",\"url\":\"https:\\\/\\\/www.simpleplan.cz\\\/en\\\/\",\"logo\":{\"@type\":\"ImageObject\",\"inLanguage\":\"en-US\",\"@id\":\"https:\\\/\\\/www.simpleplan.cz\\\/en\\\/#\\\/schema\\\/logo\\\/image\\\/\",\"url\":\"https:\\\/\\\/www.simpleplan.cz\\\/en\\\/wp-content\\\/uploads\\\/spczlogo-1.png\",\"contentUrl\":\"https:\\\/\\\/www.simpleplan.cz\\\/en\\\/wp-content\\\/uploads\\\/spczlogo-1.png\",\"width\":250,\"height\":190,\"caption\":\"EN: SimplePlan.cz\"},\"image\":{\"@id\":\"https:\\\/\\\/www.simpleplan.cz\\\/en\\\/#\\\/schema\\\/logo\\\/image\\\/\"},\"sameAs\":[\"http:\\\/\\\/www.facebook.com\\\/simpleplancz\",\"https:\\\/\\\/x.com\\\/simpleplancz\",\"http:\\\/\\\/www.instagram.com\\\/simpleplancz\",\"http:\\\/\\\/www.youtube.com\\\/simpleplancz\"]}]}<\/script>\n<!-- \/ Yoast SEO plugin. -->","yoast_head_json":{"title":"Sebastien Lefebvre | EN: SimplePlan.cz","robots":{"index":"index","follow":"follow","max-snippet":"max-snippet:-1","max-image-preview":"max-image-preview:large","max-video-preview":"max-video-preview:-1"},"canonical":"https:\/\/www.simpleplan.cz\/en\/index.php\/band\/members\/sebastien-lefebvre\/","og_locale":"en_US","og_type":"article","og_title":"Sebastien Lefebvre | EN: SimplePlan.cz","og_description":"Full Name: Ga\u00e9tan-Jean S\u00e9bastien Lefebvre P\u00e9pin, CSM Date of birth: June 5th 1981 In band: guitar player and back vocals Basic information: Hair color: brown Eye color: blue Height: 5&#8217;8&#8243; Shoe size: 8 Shirt size: S (small) Favorite: Color: blue Country:: Japan Food: sushi Drink:... Read more","og_url":"https:\/\/www.simpleplan.cz\/en\/index.php\/band\/members\/sebastien-lefebvre\/","og_site_name":"EN: SimplePlan.cz","article_publisher":"http:\/\/www.facebook.com\/simpleplancz","article_modified_time":"2018-12-04T16:48:17+00:00","og_image":[{"url":"http:\/\/i.imgur.com\/LbD0HbO.png","type":"","width":"","height":""}],"twitter_card":"summary_large_image","twitter_site":"@simpleplancz","twitter_misc":{"Est. reading time":"1 minute"},"schema":{"@context":"https:\/\/schema.org","@graph":[{"@type":"WebPage","@id":"https:\/\/www.simpleplan.cz\/en\/index.php\/band\/members\/sebastien-lefebvre\/","url":"https:\/\/www.simpleplan.cz\/en\/index.php\/band\/members\/sebastien-lefebvre\/","name":"Sebastien Lefebvre | EN: SimplePlan.cz","isPartOf":{"@id":"https:\/\/www.simpleplan.cz\/en\/#website"},"primaryImageOfPage":{"@id":"https:\/\/www.simpleplan.cz\/en\/index.php\/band\/members\/sebastien-lefebvre\/#primaryimage"},"image":{"@id":"https:\/\/www.simpleplan.cz\/en\/index.php\/band\/members\/sebastien-lefebvre\/#primaryimage"},"thumbnailUrl":"http:\/\/i.imgur.com\/LbD0HbO.png","datePublished":"2010-07-24T12:24:30+00:00","dateModified":"2018-12-04T16:48:17+00:00","breadcrumb":{"@id":"https:\/\/www.simpleplan.cz\/en\/index.php\/band\/members\/sebastien-lefebvre\/#breadcrumb"},"inLanguage":"en-US","potentialAction":[{"@type":"ReadAction","target":["https:\/\/www.simpleplan.cz\/en\/index.php\/band\/members\/sebastien-lefebvre\/"]}]},{"@type":"ImageObject","inLanguage":"en-US","@id":"https:\/\/www.simpleplan.cz\/en\/index.php\/band\/members\/sebastien-lefebvre\/#primaryimage","url":"http:\/\/i.imgur.com\/LbD0HbO.png","contentUrl":"http:\/\/i.imgur.com\/LbD0HbO.png"},{"@type":"BreadcrumbList","@id":"https:\/\/www.simpleplan.cz\/en\/index.php\/band\/members\/sebastien-lefebvre\/#breadcrumb","itemListElement":[{"@type":"ListItem","position":1,"name":"Home","item":"https:\/\/www.simpleplan.cz\/en\/"},{"@type":"ListItem","position":2,"name":"Band","item":"https:\/\/www.simpleplan.cz\/en\/index.php\/band\/"},{"@type":"ListItem","position":3,"name":"Band members","item":"https:\/\/www.simpleplan.cz\/en\/index.php\/band\/members\/"},{"@type":"ListItem","position":4,"name":"Sebastien Lefebvre"}]},{"@type":"WebSite","@id":"https:\/\/www.simpleplan.cz\/en\/#website","url":"https:\/\/www.simpleplan.cz\/en\/","name":"EN: SimplePlan.cz","description":"The best source for news about the band Simple Plan","publisher":{"@id":"https:\/\/www.simpleplan.cz\/en\/#organization"},"potentialAction":[{"@type":"SearchAction","target":{"@type":"EntryPoint","urlTemplate":"https:\/\/www.simpleplan.cz\/en\/?s={search_term_string}"},"query-input":{"@type":"PropertyValueSpecification","valueRequired":true,"valueName":"search_term_string"}}],"inLanguage":"en-US"},{"@type":"Organization","@id":"https:\/\/www.simpleplan.cz\/en\/#organization","name":"EN: SimplePlan.cz","url":"https:\/\/www.simpleplan.cz\/en\/","logo":{"@type":"ImageObject","inLanguage":"en-US","@id":"https:\/\/www.simpleplan.cz\/en\/#\/schema\/logo\/image\/","url":"https:\/\/www.simpleplan.cz\/en\/wp-content\/uploads\/spczlogo-1.png","contentUrl":"https:\/\/www.simpleplan.cz\/en\/wp-content\/uploads\/spczlogo-1.png","width":250,"height":190,"caption":"EN: SimplePlan.cz"},"image":{"@id":"https:\/\/www.simpleplan.cz\/en\/#\/schema\/logo\/image\/"},"sameAs":["http:\/\/www.facebook.com\/simpleplancz","https:\/\/x.com\/simpleplancz","http:\/\/www.instagram.com\/simpleplancz","http:\/\/www.youtube.com\/simpleplancz"]}]}},"_links":{"self":[{"href":"https:\/\/www.simpleplan.cz\/en\/index.php\/wp-json\/wp\/v2\/pages\/2734","targetHints":{"allow":["GET"]}}],"collection":[{"href":"https:\/\/www.simpleplan.cz\/en\/index.php\/wp-json\/wp\/v2\/pages"}],"about":[{"href":"https:\/\/www.simpleplan.cz\/en\/index.php\/wp-json\/wp\/v2\/types\/page"}],"author":[{"embeddable":true,"href":"https:\/\/www.simpleplan.cz\/en\/index.php\/wp-json\/wp\/v2\/users\/3"}],"replies":[{"embeddable":true,"href":"https:\/\/www.simpleplan.cz\/en\/index.php\/wp-json\/wp\/v2\/comments?post=2734"}],"version-history":[{"count":20,"href":"https:\/\/www.simpleplan.cz\/en\/index.php\/wp-json\/wp\/v2\/pages\/2734\/revisions"}],"predecessor-version":[{"id":29681,"href":"https:\/\/www.simpleplan.cz\/en\/index.php\/wp-json\/wp\/v2\/pages\/2734\/revisions\/29681"}],"up":[{"embeddable":true,"href":"https:\/\/www.simpleplan.cz\/en\/index.php\/wp-json\/wp\/v2\/pages\/2724"}],"wp:attachment":[{"href":"https:\/\/www.simpleplan.cz\/en\/index.php\/wp-json\/wp\/v2\/media?parent=2734"}],"curies":[{"name":"wp","href":"https:\/\/api.w.org\/{rel}","templated":true}]}}