{"id":2826,"date":"2010-07-25T17:53:29","date_gmt":"2010-07-25T15:53:29","guid":{"rendered":"http:\/\/www.simpleplan.cz\/wordpress_en\/?page_id=2826"},"modified":"2017-11-12T14:59:58","modified_gmt":"2017-11-12T13:59:58","slug":"acknowledgements","status":"publish","type":"page","link":"https:\/\/www.simpleplan.cz\/en\/index.php\/online\/acknowledgements\/","title":{"rendered":"SimplePlan.cz&#8217;s acknowledgements"},"content":{"rendered":"<div class=\"pagecontent\">\n<div class=\"section-list4\">\nThis is the place, where I&#8217;d like to thank each and every single person, that has ever visited SimplePlan.cz, that&#8217;s every sent in a news story, a setlist a picture from a show, helped out with a translation or said hi at a show. <b>Thank you so much<\/b>, this website would not be here if it wasn&#8217;t for you! <\/p>\n<p>\n<center><img decoding=\"async\" src=\"http:\/\/www.simpleplan.cz\/cz\/wp-content\/themes\/2016\/images\/divider.png\"\/><\/center><\/p>\n<p>However, there is a couple of people who deserve to be named on this spot:<\/p>\n<p><strong>Viola M.<\/strong> &#8211; my brilliant camera-girl, my unofficial PA and my best friend, who managed to record the whole 2nd interview despite being attacked by a bee at the same time. <\/p>\n<p><strong>Jess, Rachael and David B.<\/strong> &#8211; for coding previous SP.cz layouts for me and all the help.<\/p>\n<p><strong>Bruno C.<\/strong> &#8211; for being a pal to me in this crazy fansite world.<\/p>\n<p><strong>Charbel C.<\/strong> &#8211; for his amazing help with translations from French and just doing so much for this website. Thank you, I owe you a lot.<\/p>\n<p><strong>Sab S. &#038; Emilie L.<\/strong> &#8211; for their French translations and recaps over the years.<\/p>\n<p><strong>Amanda A.<\/strong> &#8211; the former leader of SimplePlanOnline.com, who has always been there for all the SP fans and took care of bringing us news and even after closing SPO, she still co-operates with SimplePlan.cz. Thank you. <\/p>\n<p><strong>Sophie C. and Janie F.<\/strong> &#8211; for the ever-lasting support and providing SimplePlan.cz their great pictures.<\/p>\n<p><strong>The Finnish Line (Laura K., Paula K. and Jenna L.)<\/strong> &#8211; my little soldiers on the EU tour, when I couldn&#8217;t be there. Thank you for your dedication, constant support, updates, photos and setlists.<\/p>\n<p><strong>Blanka Hu\u0148\u00e1tov\u00e1 and the whole TV \u00d3\u010dko team<\/strong> &#8211; for all the support over the years to this day, shout-outs and invitations to the Simple Plan specials on T-Music Chart in 2008.<\/p>\n<p><strong>Veronika Boulterov\u00e1, Michal M\u00e1ka, Libor Lis\u00fd and the whole Warner Music Czech Republic team<\/strong> &#8211; for helping me organize my interviews Simple Plan, contests and for all their help and support.<\/p>\n<p><strong>Robert Vlcek (promoter &#8211; Conspiracy Concerts)<\/strong> &#8211; for all the help, info and support.<\/p>\n<p><strong>Katka Dedkova (promoter &#8211; Punx Not Dead + Aerodrome Festival)<\/strong> &#8211; for helping me organize my second &#038; sixth interviews with Simple Plan and for her help and support.<\/p>\n<p><strong>Michael \u0160imon (promoter &#8211; Charm Music)<\/strong> &#8211; for all the help and support in preparation of the third SP show in Prague.<\/p>\n<p><strong>Devi Ekanand and the whole Coalition Music team<\/strong> &#8211; for their never-ending support of the website, contents, info and help with the set-up of interviews.<\/p>\n<p><strong>Fred Jerome<\/strong> &#8211; for the interview and for always being very kind and supportive.<\/p>\n<p><strong>Sim Klugerman<\/strong> &#8211; for his support, kindness, photos, talks, hard work and absolutely everything over the years.<\/p>\n<p>And last but not the least &#8211; the very reasons this site is here &#8211; <b>Pierre Bouvier, Chuck Comeau, Jeff Stinco, David Desrosiers, Sebastien Lefebvre<\/b> &#8211; it would take me an eternity to write down everything I am grateful for. Thank you, guys, for everything. I love you.<\/div>\n<\/div>\n<div class=\"fblikebutton_button\" style=\"float: left; padding-top: 20px; margin-right: 20px; padding-bottom: 20px; padding-left: 20px; padding-bottom: 20px;\"><iframe src=\"http:\/\/www.facebook.com\/plugins\/like.php?href=https%3A%2F%2Fwww.simpleplan.cz%2Fen%2Findex.php%2Fonline%2Facknowledgements%2F&amp;layout=standard&amp;show-faces=false&amp;width=450&amp;action=like&amp;colorscheme=light\" scrolling=\"no\" frameborder=\"0\" allowTransparency=\"true\" style=\"border:none; overflow:hidden; width:450px; height:26px\"><\/iframe><\/div>\n","protected":false},"excerpt":{"rendered":"<p>This is the place, where I&#8217;d like to thank each and every single person, that has ever visited SimplePlan.cz, that&#8217;s every sent in a news story, a setlist a picture from a show, helped out with a translation or said hi at a show. Thank&#8230; <\/p>\n<div class=\"view-full-post\"><a href=\"https:\/\/www.simpleplan.cz\/en\/index.php\/online\/acknowledgements\/\" class=\"view-full-post-btn\">Read more<\/a><\/div>\n","protected":false},"author":3,"featured_media":0,"parent":2660,"menu_order":0,"comment_status":"closed","ping_status":"closed","template":"page-templates\/full-width.php","meta":{"footnotes":""},"class_list":["post-2826","page","type-page","status-publish","hentry"],"yoast_head":"<!-- This site is optimized with the Yoast SEO plugin v27.4 - https:\/\/yoast.com\/product\/yoast-seo-wordpress\/ -->\n<title>SimplePlan.cz&#039;s acknowledgements | EN: SimplePlan.cz<\/title>\n<meta name=\"robots\" content=\"index, follow, max-snippet:-1, max-image-preview:large, max-video-preview:-1\" \/>\n<link rel=\"canonical\" href=\"https:\/\/www.simpleplan.cz\/en\/index.php\/online\/acknowledgements\/\" \/>\n<meta property=\"og:locale\" content=\"en_US\" \/>\n<meta property=\"og:type\" content=\"article\" \/>\n<meta property=\"og:title\" content=\"SimplePlan.cz&#039;s acknowledgements | EN: SimplePlan.cz\" \/>\n<meta property=\"og:description\" content=\"This is the place, where I&#8217;d like to thank each and every single person, that has ever visited SimplePlan.cz, that&#8217;s every sent in a news story, a setlist a picture from a show, helped out with a translation or said hi at a show. Thank... Read more\" \/>\n<meta property=\"og:url\" content=\"https:\/\/www.simpleplan.cz\/en\/index.php\/online\/acknowledgements\/\" \/>\n<meta property=\"og:site_name\" content=\"EN: SimplePlan.cz\" \/>\n<meta property=\"article:publisher\" content=\"http:\/\/www.facebook.com\/simpleplancz\" \/>\n<meta property=\"article:modified_time\" content=\"2017-11-12T13:59:58+00:00\" \/>\n<meta property=\"og:image\" content=\"http:\/\/www.simpleplan.cz\/cz\/wp-content\/themes\/2016\/images\/divider.png\" \/>\n<meta name=\"twitter:card\" content=\"summary_large_image\" \/>\n<meta name=\"twitter:site\" content=\"@simpleplancz\" \/>\n<meta name=\"twitter:label1\" content=\"Est. reading time\" \/>\n\t<meta name=\"twitter:data1\" content=\"2 minutes\" \/>\n<script type=\"application\/ld+json\" class=\"yoast-schema-graph\">{\"@context\":\"https:\\\/\\\/schema.org\",\"@graph\":[{\"@type\":\"WebPage\",\"@id\":\"https:\\\/\\\/www.simpleplan.cz\\\/en\\\/index.php\\\/online\\\/acknowledgements\\\/\",\"url\":\"https:\\\/\\\/www.simpleplan.cz\\\/en\\\/index.php\\\/online\\\/acknowledgements\\\/\",\"name\":\"SimplePlan.cz's acknowledgements | EN: SimplePlan.cz\",\"isPartOf\":{\"@id\":\"https:\\\/\\\/www.simpleplan.cz\\\/en\\\/#website\"},\"primaryImageOfPage\":{\"@id\":\"https:\\\/\\\/www.simpleplan.cz\\\/en\\\/index.php\\\/online\\\/acknowledgements\\\/#primaryimage\"},\"image\":{\"@id\":\"https:\\\/\\\/www.simpleplan.cz\\\/en\\\/index.php\\\/online\\\/acknowledgements\\\/#primaryimage\"},\"thumbnailUrl\":\"http:\\\/\\\/www.simpleplan.cz\\\/cz\\\/wp-content\\\/themes\\\/2016\\\/images\\\/divider.png\",\"datePublished\":\"2010-07-25T15:53:29+00:00\",\"dateModified\":\"2017-11-12T13:59:58+00:00\",\"breadcrumb\":{\"@id\":\"https:\\\/\\\/www.simpleplan.cz\\\/en\\\/index.php\\\/online\\\/acknowledgements\\\/#breadcrumb\"},\"inLanguage\":\"en-US\",\"potentialAction\":[{\"@type\":\"ReadAction\",\"target\":[\"https:\\\/\\\/www.simpleplan.cz\\\/en\\\/index.php\\\/online\\\/acknowledgements\\\/\"]}]},{\"@type\":\"ImageObject\",\"inLanguage\":\"en-US\",\"@id\":\"https:\\\/\\\/www.simpleplan.cz\\\/en\\\/index.php\\\/online\\\/acknowledgements\\\/#primaryimage\",\"url\":\"http:\\\/\\\/www.simpleplan.cz\\\/cz\\\/wp-content\\\/themes\\\/2016\\\/images\\\/divider.png\",\"contentUrl\":\"http:\\\/\\\/www.simpleplan.cz\\\/cz\\\/wp-content\\\/themes\\\/2016\\\/images\\\/divider.png\"},{\"@type\":\"BreadcrumbList\",\"@id\":\"https:\\\/\\\/www.simpleplan.cz\\\/en\\\/index.php\\\/online\\\/acknowledgements\\\/#breadcrumb\",\"itemListElement\":[{\"@type\":\"ListItem\",\"position\":1,\"name\":\"Home\",\"item\":\"https:\\\/\\\/www.simpleplan.cz\\\/en\\\/\"},{\"@type\":\"ListItem\",\"position\":2,\"name\":\"Online\",\"item\":\"https:\\\/\\\/www.simpleplan.cz\\\/en\\\/index.php\\\/online\\\/\"},{\"@type\":\"ListItem\",\"position\":3,\"name\":\"SimplePlan.cz&#8217;s acknowledgements\"}]},{\"@type\":\"WebSite\",\"@id\":\"https:\\\/\\\/www.simpleplan.cz\\\/en\\\/#website\",\"url\":\"https:\\\/\\\/www.simpleplan.cz\\\/en\\\/\",\"name\":\"EN: SimplePlan.cz\",\"description\":\"The best source for news about the band Simple Plan\",\"publisher\":{\"@id\":\"https:\\\/\\\/www.simpleplan.cz\\\/en\\\/#organization\"},\"potentialAction\":[{\"@type\":\"SearchAction\",\"target\":{\"@type\":\"EntryPoint\",\"urlTemplate\":\"https:\\\/\\\/www.simpleplan.cz\\\/en\\\/?s={search_term_string}\"},\"query-input\":{\"@type\":\"PropertyValueSpecification\",\"valueRequired\":true,\"valueName\":\"search_term_string\"}}],\"inLanguage\":\"en-US\"},{\"@type\":\"Organization\",\"@id\":\"https:\\\/\\\/www.simpleplan.cz\\\/en\\\/#organization\",\"name\":\"EN: SimplePlan.cz\",\"url\":\"https:\\\/\\\/www.simpleplan.cz\\\/en\\\/\",\"logo\":{\"@type\":\"ImageObject\",\"inLanguage\":\"en-US\",\"@id\":\"https:\\\/\\\/www.simpleplan.cz\\\/en\\\/#\\\/schema\\\/logo\\\/image\\\/\",\"url\":\"https:\\\/\\\/www.simpleplan.cz\\\/en\\\/wp-content\\\/uploads\\\/spczlogo-1.png\",\"contentUrl\":\"https:\\\/\\\/www.simpleplan.cz\\\/en\\\/wp-content\\\/uploads\\\/spczlogo-1.png\",\"width\":250,\"height\":190,\"caption\":\"EN: SimplePlan.cz\"},\"image\":{\"@id\":\"https:\\\/\\\/www.simpleplan.cz\\\/en\\\/#\\\/schema\\\/logo\\\/image\\\/\"},\"sameAs\":[\"http:\\\/\\\/www.facebook.com\\\/simpleplancz\",\"https:\\\/\\\/x.com\\\/simpleplancz\",\"http:\\\/\\\/www.instagram.com\\\/simpleplancz\",\"http:\\\/\\\/www.youtube.com\\\/simpleplancz\"]}]}<\/script>\n<!-- \/ Yoast SEO plugin. -->","yoast_head_json":{"title":"SimplePlan.cz's acknowledgements | EN: SimplePlan.cz","robots":{"index":"index","follow":"follow","max-snippet":"max-snippet:-1","max-image-preview":"max-image-preview:large","max-video-preview":"max-video-preview:-1"},"canonical":"https:\/\/www.simpleplan.cz\/en\/index.php\/online\/acknowledgements\/","og_locale":"en_US","og_type":"article","og_title":"SimplePlan.cz's acknowledgements | EN: SimplePlan.cz","og_description":"This is the place, where I&#8217;d like to thank each and every single person, that has ever visited SimplePlan.cz, that&#8217;s every sent in a news story, a setlist a picture from a show, helped out with a translation or said hi at a show. Thank... Read more","og_url":"https:\/\/www.simpleplan.cz\/en\/index.php\/online\/acknowledgements\/","og_site_name":"EN: SimplePlan.cz","article_publisher":"http:\/\/www.facebook.com\/simpleplancz","article_modified_time":"2017-11-12T13:59:58+00:00","og_image":[{"url":"http:\/\/www.simpleplan.cz\/cz\/wp-content\/themes\/2016\/images\/divider.png","type":"","width":"","height":""}],"twitter_card":"summary_large_image","twitter_site":"@simpleplancz","twitter_misc":{"Est. reading time":"2 minutes"},"schema":{"@context":"https:\/\/schema.org","@graph":[{"@type":"WebPage","@id":"https:\/\/www.simpleplan.cz\/en\/index.php\/online\/acknowledgements\/","url":"https:\/\/www.simpleplan.cz\/en\/index.php\/online\/acknowledgements\/","name":"SimplePlan.cz's acknowledgements | EN: SimplePlan.cz","isPartOf":{"@id":"https:\/\/www.simpleplan.cz\/en\/#website"},"primaryImageOfPage":{"@id":"https:\/\/www.simpleplan.cz\/en\/index.php\/online\/acknowledgements\/#primaryimage"},"image":{"@id":"https:\/\/www.simpleplan.cz\/en\/index.php\/online\/acknowledgements\/#primaryimage"},"thumbnailUrl":"http:\/\/www.simpleplan.cz\/cz\/wp-content\/themes\/2016\/images\/divider.png","datePublished":"2010-07-25T15:53:29+00:00","dateModified":"2017-11-12T13:59:58+00:00","breadcrumb":{"@id":"https:\/\/www.simpleplan.cz\/en\/index.php\/online\/acknowledgements\/#breadcrumb"},"inLanguage":"en-US","potentialAction":[{"@type":"ReadAction","target":["https:\/\/www.simpleplan.cz\/en\/index.php\/online\/acknowledgements\/"]}]},{"@type":"ImageObject","inLanguage":"en-US","@id":"https:\/\/www.simpleplan.cz\/en\/index.php\/online\/acknowledgements\/#primaryimage","url":"http:\/\/www.simpleplan.cz\/cz\/wp-content\/themes\/2016\/images\/divider.png","contentUrl":"http:\/\/www.simpleplan.cz\/cz\/wp-content\/themes\/2016\/images\/divider.png"},{"@type":"BreadcrumbList","@id":"https:\/\/www.simpleplan.cz\/en\/index.php\/online\/acknowledgements\/#breadcrumb","itemListElement":[{"@type":"ListItem","position":1,"name":"Home","item":"https:\/\/www.simpleplan.cz\/en\/"},{"@type":"ListItem","position":2,"name":"Online","item":"https:\/\/www.simpleplan.cz\/en\/index.php\/online\/"},{"@type":"ListItem","position":3,"name":"SimplePlan.cz&#8217;s acknowledgements"}]},{"@type":"WebSite","@id":"https:\/\/www.simpleplan.cz\/en\/#website","url":"https:\/\/www.simpleplan.cz\/en\/","name":"EN: SimplePlan.cz","description":"The best source for news about the band Simple Plan","publisher":{"@id":"https:\/\/www.simpleplan.cz\/en\/#organization"},"potentialAction":[{"@type":"SearchAction","target":{"@type":"EntryPoint","urlTemplate":"https:\/\/www.simpleplan.cz\/en\/?s={search_term_string}"},"query-input":{"@type":"PropertyValueSpecification","valueRequired":true,"valueName":"search_term_string"}}],"inLanguage":"en-US"},{"@type":"Organization","@id":"https:\/\/www.simpleplan.cz\/en\/#organization","name":"EN: SimplePlan.cz","url":"https:\/\/www.simpleplan.cz\/en\/","logo":{"@type":"ImageObject","inLanguage":"en-US","@id":"https:\/\/www.simpleplan.cz\/en\/#\/schema\/logo\/image\/","url":"https:\/\/www.simpleplan.cz\/en\/wp-content\/uploads\/spczlogo-1.png","contentUrl":"https:\/\/www.simpleplan.cz\/en\/wp-content\/uploads\/spczlogo-1.png","width":250,"height":190,"caption":"EN: SimplePlan.cz"},"image":{"@id":"https:\/\/www.simpleplan.cz\/en\/#\/schema\/logo\/image\/"},"sameAs":["http:\/\/www.facebook.com\/simpleplancz","https:\/\/x.com\/simpleplancz","http:\/\/www.instagram.com\/simpleplancz","http:\/\/www.youtube.com\/simpleplancz"]}]}},"_links":{"self":[{"href":"https:\/\/www.simpleplan.cz\/en\/index.php\/wp-json\/wp\/v2\/pages\/2826","targetHints":{"allow":["GET"]}}],"collection":[{"href":"https:\/\/www.simpleplan.cz\/en\/index.php\/wp-json\/wp\/v2\/pages"}],"about":[{"href":"https:\/\/www.simpleplan.cz\/en\/index.php\/wp-json\/wp\/v2\/types\/page"}],"author":[{"embeddable":true,"href":"https:\/\/www.simpleplan.cz\/en\/index.php\/wp-json\/wp\/v2\/users\/3"}],"replies":[{"embeddable":true,"href":"https:\/\/www.simpleplan.cz\/en\/index.php\/wp-json\/wp\/v2\/comments?post=2826"}],"version-history":[{"count":48,"href":"https:\/\/www.simpleplan.cz\/en\/index.php\/wp-json\/wp\/v2\/pages\/2826\/revisions"}],"predecessor-version":[{"id":24424,"href":"https:\/\/www.simpleplan.cz\/en\/index.php\/wp-json\/wp\/v2\/pages\/2826\/revisions\/24424"}],"up":[{"embeddable":true,"href":"https:\/\/www.simpleplan.cz\/en\/index.php\/wp-json\/wp\/v2\/pages\/2660"}],"wp:attachment":[{"href":"https:\/\/www.simpleplan.cz\/en\/index.php\/wp-json\/wp\/v2\/media?parent=2826"}],"curies":[{"name":"wp","href":"https:\/\/api.w.org\/{rel}","templated":true}]}}