{"id":6137,"date":"2012-04-28T21:51:06","date_gmt":"2012-04-28T19:51:06","guid":{"rendered":"http:\/\/www.simpleplan.cz\/en\/?page_id=6137"},"modified":"2017-11-14T20:22:46","modified_gmt":"2017-11-14T19:22:46","slug":"collaborations","status":"publish","type":"page","link":"https:\/\/www.simpleplan.cz\/en\/index.php\/band\/collaborations\/","title":{"rendered":"Collaborations"},"content":{"rendered":"<div class=\"pagecontent\">\n<div class=\"girls\"><center>Collaborations with artists\/bands<\/center><\/div>\n<div class=\"section-list\">\n    <img decoding=\"async\" src=\"http:\/\/www.simpleplan.cz\/images\/col_mbw.gif\" alt=\"\" \/ \/><\/p>\n<div class=\"musichead\" style=\"margin-top:10px;\">MY BIG WHEEL<\/div>\n<p><i><strong>Band from Canada feat. Fred Jerome<\/strong><\/i><br \/>\n<strong>Collaboration:<\/strong> Pierre Bouvier sang on the song &#8220;Loaded&#8221; back in Reset<\/p>\n<\/div>\n<p>\u200b<\/p>\n<div class=\"section-list\">\n    <img decoding=\"async\" src=\"http:\/\/www.simpleplan.cz\/images\/col_mark.gif\" alt=\"\" \/ \/><\/p>\n<div class=\"musichead\" style=\"margin-top:10px;\">MARK HOPPUS<\/div>\n<p><i><strong>Lead singer and bassplayer of Blink 182<\/strong><\/i><br \/>\n<strong>Sings on:<\/strong> &#8220;I&#8217;d Do Anything&#8221; on NPNHJB<br \/>\n<strong>+<\/strong> Also appeared in the music video for this song<\/p>\n<\/div>\n<p>\u200b<\/p>\n<div class=\"section-list\">\n    <img decoding=\"async\" src=\"http:\/\/www.simpleplan.cz\/images\/col_joel.gif\" alt=\"\" \/ \/><\/p>\n<div class=\"musichead\" style=\"margin-top:10px;\">JOEL MADDEN<\/div>\n<p><i><strong>Lead singer of Good Charlotte<\/strong><\/i><br \/>\n<strong>Sings on:<\/strong> &#8220;You Don&#8217;t Mean Anything&#8221; on NPNHJB<\/p>\n<\/div>\n<p>\u200b<\/p>\n<div class=\"section-list\">\n    <img decoding=\"async\" src=\"http:\/\/www.simpleplan.cz\/images\/col_mclars.gif\" alt=\"\" \/ \/><\/p>\n<div class=\"musichead\" style=\"margin-top:10px;\">MC LARS<\/div>\n<p><i><strong>Rapper<\/strong><\/i><br \/>\n<strong>Collaboration:<\/strong> Pierre Bouvier from Simple Plan sings on MC Lars&#8217; song &#8220;It&#8217;s Not Easy Being Green&#8221; on his album &#8220;This Gigantic Robot Kills&#8221;<\/p>\n<\/div>\n<p>\u200b<\/p>\n<div class=\"section-list\">\n    <img decoding=\"async\" src=\"http:\/\/www.simpleplan.cz\/images\/col_yafh.gif\" alt=\"\" \/ \/><\/p>\n<div class=\"musichead\" style=\"margin-top:10px;\">YOUNG ARTISTS FOR HAITI<\/div>\n<p><i><strong>Charitable project of young Canadian artists that supports the victims of the earthquake in Haiti<\/strong><\/i><br \/>\n<strong>Collaboration:<\/strong> Pierre Bouvier from Simple Plan was one of the artists featured on the song &#8220;Wavin&#8217; Flag&#8221;<\/p>\n<\/div>\n<p>\u200b<\/p>\n<div class=\"section-list\">\n    <img decoding=\"async\" src=\"http:\/\/www.simpleplan.cz\/images\/col_rivers.gif\" alt=\"\" \/ \/><\/p>\n<div class=\"musichead\" style=\"margin-top:10px;\">RIVERS CUOMO<\/div>\n<p><i><strong>Lead singer of Weezer<\/strong><\/i><br \/>\n<strong>Sings on:<\/strong> &#8220;Can&#8217;t Keep My Hands Off You&#8221; on GYHO<\/p>\n<\/div>\n<p>\u200b<\/p>\n<div class=\"section-list\">\n    <img decoding=\"async\" src=\"http:\/\/www.simpleplan.cz\/images\/col_natasha.gif\" alt=\"\" \/ \/><\/p>\n<div class=\"musichead\" style=\"margin-top:10px;\">NATASHA BEDINGFIELD<\/div>\n<p><i><strong>British singer<\/strong><\/i><br \/>\n<strong>Sings on:<\/strong> the English version of &#8220;Jet Lag&#8221; on GYHO<br \/>\n<strong>+<\/strong> Also appeared in the English version of the music video for this song<\/p>\n<\/div>\n<p>\u200b<\/p>\n<div class=\"section-list\">\n    <img decoding=\"async\" src=\"http:\/\/www.simpleplan.cz\/images\/col_marie.gif\" alt=\"\" \/ \/><\/p>\n<div class=\"musichead\" style=\"margin-top:10px;\">MARIE-MAI<\/div>\n<p><i><strong>French-Canadian singer<\/strong><\/i><br \/>\n<strong>Sings on:<\/strong> the French version of &#8220;Jet Lag&#8221; on GYHO<br \/>\n<strong>+<\/strong> Also appeared in the French version of the music video for this song<\/p>\n<\/div>\n<p>\u200b<\/p>\n<div class=\"section-list\">\n    <img decoding=\"async\" src=\"http:\/\/www.simpleplan.cz\/images\/col_alex.gif\" alt=\"\" \/ \/><\/p>\n<div class=\"musichead\" style=\"margin-top:10px;\">ALEX GASKARTH<\/div>\n<p><i><strong>Lead singer of All Time Low<\/strong><\/i><br \/>\n<strong>Sings on:<\/strong> &#8220;Freaking Me Out&#8221; on GYHO<\/p>\n<\/div>\n<p>\u200b<\/p>\n<div class=\"section-list\">\n    <img decoding=\"async\" src=\"http:\/\/www.simpleplan.cz\/images\/col_knaan.gif\" alt=\"\" \/ \/><\/p>\n<div class=\"musichead\" style=\"margin-top:10px;\">K&#8217;NAAN<\/div>\n<p><i><strong>Canadian-Somali singer\/rapper<\/strong><\/i><br \/>\n<strong>Sings on:<\/strong> the first version of &#8220;Summer Paradise&#8221; on GYHO<\/p>\n<\/div>\n<p>\u200b<\/p>\n<div class=\"section-list\">\n    <img decoding=\"async\" src=\"http:\/\/www.simpleplan.cz\/images\/col_sean.gif\" alt=\"\" \/ \/><\/p>\n<div class=\"musichead\" style=\"margin-top:10px;\">SEAN PAUL<\/div>\n<p><i><strong>Jamaican singer\/rapper<\/strong><\/i><br \/>\n<strong>Sings on:<\/strong> the second version of &#8220;Summer Paradise&#8221; on GYHO<\/p>\n<p><strong>+<\/strong> Also appeared in the second music video for this song<\/p>\n<\/div>\n<p>\u200b<\/p>\n<div class=\"section-list\">\n    <img decoding=\"async\" src=\"http:\/\/www.simpleplan.cz\/images\/col_tc.gif\" alt=\"\" \/ \/><\/p>\n<div class=\"musichead\" style=\"margin-top:10px;\">ARTISTS AGAINST BULLYING<\/div>\n<p><i><strong>Charitable project of Canadian artists against bullying<\/strong><\/i><br \/>\n<strong>Collaboration:<\/strong> Pierre Bouvier sings on the project&#8217;s new rendition of Cindy Laupner&#8217;s &#8220;True Colors&#8221;<\/p>\n<\/div>\n<p>\u200b<\/p>\n<div class=\"section-list\">\n    <img decoding=\"async\" src=\"http:\/\/www.simpleplan.cz\/images\/col_taka.gif\" alt=\"\" \/ \/><\/p>\n<div class=\"musichead\" style=\"margin-top:10px;\">TAKA<\/div>\n<p><i><strong>Japanese singer from ONE OK ROCK<\/strong><\/i><br \/>\n<strong>Sings on:<\/strong> Japanese version of Summer Paradise<\/p>\n<\/div>\n<p>\u200b<\/p>\n<div class=\"section-list\">\n    <img decoding=\"async\" src=\"http:\/\/www.simpleplan.cz\/images\/col_mkto.gif\" alt=\"\" \/ \/><\/p>\n<div class=\"musichead\" style=\"margin-top:10px;\">MKTO<\/div>\n<p><i><strong>American pop\/rap duo<\/strong><\/i><br \/>\n<strong>Sing on:<\/strong> another version of Summer Paradise<\/p>\n<\/div>\n<p>\u200b<\/p>\n<div class=\"section-list\">\n    <img decoding=\"async\" src=\"http:\/\/www.simpleplan.cz\/images\/col_fd.gif\" alt=\"\" \/ \/><\/p>\n<div class=\"musichead\" style=\"margin-top:10px;\">FABER DRIVE<\/div>\n<p><i><strong>Canadian pop-rock band<\/strong><\/i><br \/>\n<strong>Collaboration:<\/strong> Pierre Bouvier sings on the second verse of the 2nd version (not featured on the album) of &#8220;Too Little, Too Late&#8221; &#8211; a song he also co-wrote.<\/p>\n<\/div>\n<p>\u200b<\/p>\n<div class=\"section-list\">\n    <img decoding=\"async\" src=\"http:\/\/www.simpleplan.cz\/images\/col_nelly.gif\" alt=\"\" \/ \/><\/p>\n<div class=\"musichead\" style=\"margin-top:10px;\">NELLY<\/div>\n<p><i><strong>American rapper<\/strong><\/i><br \/>\n<strong>Raps on:<\/strong> &#8220;I Don&#8217;t Wanna Go To Bed&#8221; on TOFTT and also appeared in the music video for this song.<\/p>\n<\/div>\n<p>\u200b<\/p>\n<div class=\"section-list\">\n    <img decoding=\"async\" src=\"http:\/\/i.imgur.com\/hNN0AYh.png\" alt=\"\" \/ \/><\/p>\n<div class=\"musichead\" style=\"margin-top:10px;\">JORDAN PUNDIK<\/div>\n<p><i><strong>Lead singer of New Found Glory<\/strong><\/i><br \/>\n<strong>Sings on:<\/strong> &#8216;Farewell&#8217; on TOFTT.<\/p>\n<\/div>\n<p>\u200b<\/p>\n<div class=\"section-list\">\n    <img decoding=\"async\" src=\"http:\/\/i.imgur.com\/yar5dAg.png\" alt=\"\" \/ \/><\/p>\n<div class=\"musichead\" style=\"margin-top:10px;\">R. CITY<\/div>\n<p><i><strong>American rap duo<\/strong><\/i><br \/>\n<strong>Rap on:<\/strong> &#8216;Singing In The Rain&#8217; on TOFTT.<\/p>\n<\/div>\n<p>\u200b<\/p>\n<div class=\"section-list\">\n    <img decoding=\"async\" src=\"http:\/\/i.imgur.com\/X2mg0hO.png\" alt=\"\" \/ \/><\/p>\n<div class=\"musichead\" style=\"margin-top:10px;\">JULIET SIMMS<\/div>\n<p><i><strong>American singer<\/strong><\/i><br \/>\n<strong>Sings on:<\/strong> &#8216;I Dream About You&#8217; on TOFTT.<\/p>\n<\/div>\n<p>\u200b<\/p>\n<p><center><img decoding=\"async\" src=\"http:\/\/www.simpleplan.cz\/cz\/wp-content\/themes\/2016\/images\/divider.png\"\/><\/center><br \/>\n<\/p>\n<div class=\"girls\"><center>Lyrical collaborations<\/center><\/div>\n<div class=\"section-list\">\n    <img decoding=\"async\" src=\"http:\/\/www.simpleplan.cz\/images\/col_mc.gif\" alt=\"\" \/ \/><\/p>\n<div class=\"musichead\" style=\"margin-top:10px;\">M\u00d6TLEY CR\u00dcE<\/div>\n<p><i><strong>American heavy-metal band<\/strong><\/i><br \/>\n<strong>Song:<\/strong> &#8220;If I Die Tomorrow&#8221; from the album &#8220;Red, White &#038; Cr\u00fce&#8221;<\/p>\n<p><strong>+<\/strong> This song was originally written by Simple Plan when recording the album SNGA with their producer Bob Rock. However, the band did not feel like the song fit with the rest of the songs, so later Bob Rock offered it to the band M\u00f6tley Cr\u00fce. The bass player Nikki Sixx then changed it a little bit and then M\u00f6tley Cr\u00fce released it as their new single on their best hits album in 2005.<\/p>\n<\/div>\n<p>\u200b<\/p>\n<div class=\"section-list\">\n    <img decoding=\"async\" src=\"http:\/\/www.simpleplan.cz\/images\/col_fd.gif\" alt=\"\" \/ \/><\/p>\n<div class=\"musichead\" style=\"margin-top:10px;\">FABER DRIVE<\/div>\n<p><i><strong>Canadian pop-rock band<\/strong><\/i><br \/>\n<strong>Songs:<\/strong> &#8220;G-Get Up And Dance&#8221; and &#8220;Our Last Goodbye&#8221; from the album &#8220;Can&#8217;t Keep A Secret&#8221;, &#8220;Do It In Hollywood&#8221;, &#8220;Too Little, Too Late&#8221; and &#8220;Set It Off&#8221; from the album &#8220;Lost In Paradise&#8221;<\/p>\n<p><strong>+<\/strong> Chuck and Pierre have met up with their long-time friends from the band Faber Drive a couple of times in 2009 and helped them write a couple of songs for their second studio album called &#8220;Can&#8217;t Keep A Secret&#8221;. One of the songs they wrote together &#8211; &#8220;G-Get Up And Dance&#8221; &#8211; has even become the first single. In the following years, Chuck and Pierre continued co-writing some more with Faber Drive for their third record called &#8220;Lost In Paradise&#8221;, for which they also wrote a few songs.<\/p>\n<\/div>\n<p>\u200b<\/p>\n<div class=\"section-list\">\n    <img decoding=\"async\" src=\"http:\/\/www.simpleplan.cz\/images\/col_atl.gif\" alt=\"\" \/ \/><\/p>\n<div class=\"musichead\" style=\"margin-top:10px;\">ALL TIME LOW<\/div>\n<p><i><strong>American pop-punk band<\/strong><\/i><br \/>\n<strong>Song:<\/strong> &#8220;Time Bomb&#8221; from the album &#8220;Dirty Work&#8221;<\/p>\n<p><strong>+<\/strong> This song has been originally written in the writing process for Simple Plan&#8217;s album &#8220;Get Your Heart On!&#8221;, but the members felt the song didn&#8217;t really sound like a Simple Plan song. At that time, the band was already working with Alex Gaskarth from All Time Low (who&#8217;s singing on &#8220;Freaking Me Out&#8221;) and offered the song to them. All Time Low then changed a few lines and released it as their second single from their album &#8220;Dirty Work&#8221;.<\/p>\n<\/div>\n<p>\u200b<\/p>\n<div class=\"section-list\">\n    <img decoding=\"async\" src=\"http:\/\/www.simpleplan.cz\/images\/col_tnc.gif\" alt=\"\" \/ \/><\/p>\n<div class=\"musichead\" style=\"margin-top:10px;\">THE NEW CITIES<\/div>\n<p><i><strong>Canadian synth-pop band<\/strong><\/i><br \/>\n<strong>Song:<\/strong> &#8220;Love Me Deadly&#8221; from the album &#8220;Kill The Lights&#8221;<\/p>\n<p><strong>+<\/strong> Simple Plan have been friends with The New Cities ever since touring together across Canada &#8211; David from Simple Plan even tends to play drums on their song \u201eLooks Minus Substance\u201c when he&#8217;s in the area where the band&#8217;s playing. On September 27th 2011, The New Cities released their second album \u2013 \u201eKill The Lights\u201c, on which you can find a song called \u201eLove Me Deadly\u201c, which has been co-written by Pierre and Chuck from Simple Plan.<\/p>\n<\/div>\n<p>\u200b<\/p>\n<div class=\"section-list\">\n    <img decoding=\"async\" src=\"http:\/\/www.simpleplan.cz\/images\/col_btr.gif\" alt=\"\" \/ \/><\/p>\n<div class=\"musichead\" style=\"margin-top:10px;\">BIG TIME RUSH<\/div>\n<p><i><strong>American pop boy-band<\/strong><\/i><br \/>\n<strong>Song:<\/strong> &#8220;Paralyzed&#8221; from the album &#8220;Elevate&#8221; (website version)<\/p>\n<p><strong>+<\/strong> One of the songs that Pierre and Chuck wrote with Matt Squire in the process of making their album &#8220;Get Your Heart On!&#8221;, was the song called &#8220;Paralyzed&#8221;. Eventually though, the song didn&#8217;t make it to the 4th Simple Plan record, and it&#8217;s been offered to other artists. American boy-band called Big Time Rush accepted it and made its own version that was even featured in one of the episodes of their self-titled TV series. The song was supposed to be also featured on their 2011 album &#8220;Elevate&#8221; (at least according to the official website&#8217;s version of the album) but the actual album does not include it.<\/p>\n<\/div>\n<p>\u200b<\/p>\n<div class=\"section-list\">\n    <img decoding=\"async\" src=\"http:\/\/www.simpleplan.cz\/images\/col_amasic.gif\" alt=\"\" \/ \/><\/p>\n<div class=\"musichead\" style=\"margin-top:10px;\">AMASIC \/ STORY UNTOLD<\/div>\n<p><i><strong>Canadian band<\/strong><\/i><br \/>\n<strong>Song:<\/strong> &#8220;If I Had One Dollar&#8221; from the EP &#8220;The Things We Say&#8221; and &#8220;History&#8221; from the EP &#8220;Story Untold&#8221;<\/p>\n<p><strong>+<\/strong> After a few shows together, the young Canadian band called Amasic, who&#8217;s members are also big fans of Simple Plan, finally had the opportunity in fall 2013 to co-write a couple of songs with Chuck and Pierre from Simple Plan. The song called &#8220;If I Had One Dollar&#8221; ended up as a part of Amasic&#8217;s EP &#8211; &#8220;The Things We Say&#8221; (2014). In 2016, the band made some changed in its line-up and changed its name to Story Untold. With this new name, the band released a self-titled EP, which included another song co-written by Pierre and Chuck &#8211; &#8220;History&#8221;.<\/p>\n<\/div>\n<p>\u200b\n<\/p><\/div>\n<div class=\"fblikebutton_button\" style=\"float: left; padding-top: 20px; margin-right: 20px; padding-bottom: 20px; padding-left: 20px; padding-bottom: 20px;\"><iframe src=\"http:\/\/www.facebook.com\/plugins\/like.php?href=https%3A%2F%2Fwww.simpleplan.cz%2Fen%2Findex.php%2Fband%2Fcollaborations%2F&amp;layout=standard&amp;show-faces=false&amp;width=450&amp;action=like&amp;colorscheme=light\" scrolling=\"no\" frameborder=\"0\" allowTransparency=\"true\" style=\"border:none; overflow:hidden; width:450px; height:26px\"><\/iframe><\/div>\n","protected":false},"excerpt":{"rendered":"<p>Collaborations with artists\/bands MY BIG WHEEL Band from Canada feat. Fred Jerome Collaboration: Pierre Bouvier sang on the song &#8220;Loaded&#8221; back in Reset \u200b MARK HOPPUS Lead singer and bassplayer of Blink 182 Sings on: &#8220;I&#8217;d Do Anything&#8221; on NPNHJB + Also appeared in the&#8230; <\/p>\n<div class=\"view-full-post\"><a href=\"https:\/\/www.simpleplan.cz\/en\/index.php\/band\/collaborations\/\" class=\"view-full-post-btn\">Read more<\/a><\/div>\n","protected":false},"author":3,"featured_media":0,"parent":2679,"menu_order":0,"comment_status":"open","ping_status":"open","template":"page-templates\/full-width.php","meta":{"footnotes":""},"class_list":["post-6137","page","type-page","status-publish","hentry"],"yoast_head":"<!-- This site is optimized with the Yoast SEO plugin v27.3 - https:\/\/yoast.com\/product\/yoast-seo-wordpress\/ -->\n<title>Collaborations | EN: SimplePlan.cz<\/title>\n<meta name=\"robots\" content=\"index, follow, max-snippet:-1, max-image-preview:large, max-video-preview:-1\" \/>\n<link rel=\"canonical\" href=\"https:\/\/www.simpleplan.cz\/en\/index.php\/band\/collaborations\/\" \/>\n<meta property=\"og:locale\" content=\"en_US\" \/>\n<meta property=\"og:type\" content=\"article\" \/>\n<meta property=\"og:title\" content=\"Collaborations | EN: SimplePlan.cz\" \/>\n<meta property=\"og:description\" content=\"Collaborations with artists\/bands MY BIG WHEEL Band from Canada feat. Fred Jerome Collaboration: Pierre Bouvier sang on the song &#8220;Loaded&#8221; back in Reset \u200b MARK HOPPUS Lead singer and bassplayer of Blink 182 Sings on: &#8220;I&#8217;d Do Anything&#8221; on NPNHJB + Also appeared in the... Read more\" \/>\n<meta property=\"og:url\" content=\"https:\/\/www.simpleplan.cz\/en\/index.php\/band\/collaborations\/\" \/>\n<meta property=\"og:site_name\" content=\"EN: SimplePlan.cz\" \/>\n<meta property=\"article:publisher\" content=\"http:\/\/www.facebook.com\/simpleplancz\" \/>\n<meta property=\"article:modified_time\" content=\"2017-11-14T19:22:46+00:00\" \/>\n<meta property=\"og:image\" content=\"http:\/\/www.simpleplan.cz\/images\/col_mbw.gif\" \/>\n<meta name=\"twitter:card\" content=\"summary_large_image\" \/>\n<meta name=\"twitter:site\" content=\"@simpleplancz\" \/>\n<meta name=\"twitter:label1\" content=\"Est. reading time\" \/>\n\t<meta name=\"twitter:data1\" content=\"5 minutes\" \/>\n<script type=\"application\/ld+json\" class=\"yoast-schema-graph\">{\"@context\":\"https:\\\/\\\/schema.org\",\"@graph\":[{\"@type\":\"WebPage\",\"@id\":\"https:\\\/\\\/www.simpleplan.cz\\\/en\\\/index.php\\\/band\\\/collaborations\\\/\",\"url\":\"https:\\\/\\\/www.simpleplan.cz\\\/en\\\/index.php\\\/band\\\/collaborations\\\/\",\"name\":\"Collaborations | EN: SimplePlan.cz\",\"isPartOf\":{\"@id\":\"https:\\\/\\\/www.simpleplan.cz\\\/en\\\/#website\"},\"primaryImageOfPage\":{\"@id\":\"https:\\\/\\\/www.simpleplan.cz\\\/en\\\/index.php\\\/band\\\/collaborations\\\/#primaryimage\"},\"image\":{\"@id\":\"https:\\\/\\\/www.simpleplan.cz\\\/en\\\/index.php\\\/band\\\/collaborations\\\/#primaryimage\"},\"thumbnailUrl\":\"http:\\\/\\\/www.simpleplan.cz\\\/images\\\/col_mbw.gif\",\"datePublished\":\"2012-04-28T19:51:06+00:00\",\"dateModified\":\"2017-11-14T19:22:46+00:00\",\"breadcrumb\":{\"@id\":\"https:\\\/\\\/www.simpleplan.cz\\\/en\\\/index.php\\\/band\\\/collaborations\\\/#breadcrumb\"},\"inLanguage\":\"en-US\",\"potentialAction\":[{\"@type\":\"ReadAction\",\"target\":[\"https:\\\/\\\/www.simpleplan.cz\\\/en\\\/index.php\\\/band\\\/collaborations\\\/\"]}]},{\"@type\":\"ImageObject\",\"inLanguage\":\"en-US\",\"@id\":\"https:\\\/\\\/www.simpleplan.cz\\\/en\\\/index.php\\\/band\\\/collaborations\\\/#primaryimage\",\"url\":\"http:\\\/\\\/www.simpleplan.cz\\\/images\\\/col_mbw.gif\",\"contentUrl\":\"http:\\\/\\\/www.simpleplan.cz\\\/images\\\/col_mbw.gif\"},{\"@type\":\"BreadcrumbList\",\"@id\":\"https:\\\/\\\/www.simpleplan.cz\\\/en\\\/index.php\\\/band\\\/collaborations\\\/#breadcrumb\",\"itemListElement\":[{\"@type\":\"ListItem\",\"position\":1,\"name\":\"Home\",\"item\":\"https:\\\/\\\/www.simpleplan.cz\\\/en\\\/\"},{\"@type\":\"ListItem\",\"position\":2,\"name\":\"Band\",\"item\":\"https:\\\/\\\/www.simpleplan.cz\\\/en\\\/index.php\\\/band\\\/\"},{\"@type\":\"ListItem\",\"position\":3,\"name\":\"Collaborations\"}]},{\"@type\":\"WebSite\",\"@id\":\"https:\\\/\\\/www.simpleplan.cz\\\/en\\\/#website\",\"url\":\"https:\\\/\\\/www.simpleplan.cz\\\/en\\\/\",\"name\":\"EN: SimplePlan.cz\",\"description\":\"The best source for news about the band Simple Plan\",\"publisher\":{\"@id\":\"https:\\\/\\\/www.simpleplan.cz\\\/en\\\/#organization\"},\"potentialAction\":[{\"@type\":\"SearchAction\",\"target\":{\"@type\":\"EntryPoint\",\"urlTemplate\":\"https:\\\/\\\/www.simpleplan.cz\\\/en\\\/?s={search_term_string}\"},\"query-input\":{\"@type\":\"PropertyValueSpecification\",\"valueRequired\":true,\"valueName\":\"search_term_string\"}}],\"inLanguage\":\"en-US\"},{\"@type\":\"Organization\",\"@id\":\"https:\\\/\\\/www.simpleplan.cz\\\/en\\\/#organization\",\"name\":\"EN: SimplePlan.cz\",\"url\":\"https:\\\/\\\/www.simpleplan.cz\\\/en\\\/\",\"logo\":{\"@type\":\"ImageObject\",\"inLanguage\":\"en-US\",\"@id\":\"https:\\\/\\\/www.simpleplan.cz\\\/en\\\/#\\\/schema\\\/logo\\\/image\\\/\",\"url\":\"https:\\\/\\\/www.simpleplan.cz\\\/en\\\/wp-content\\\/uploads\\\/spczlogo-1.png\",\"contentUrl\":\"https:\\\/\\\/www.simpleplan.cz\\\/en\\\/wp-content\\\/uploads\\\/spczlogo-1.png\",\"width\":250,\"height\":190,\"caption\":\"EN: SimplePlan.cz\"},\"image\":{\"@id\":\"https:\\\/\\\/www.simpleplan.cz\\\/en\\\/#\\\/schema\\\/logo\\\/image\\\/\"},\"sameAs\":[\"http:\\\/\\\/www.facebook.com\\\/simpleplancz\",\"https:\\\/\\\/x.com\\\/simpleplancz\",\"http:\\\/\\\/www.instagram.com\\\/simpleplancz\",\"http:\\\/\\\/www.youtube.com\\\/simpleplancz\"]}]}<\/script>\n<!-- \/ Yoast SEO plugin. -->","yoast_head_json":{"title":"Collaborations | EN: SimplePlan.cz","robots":{"index":"index","follow":"follow","max-snippet":"max-snippet:-1","max-image-preview":"max-image-preview:large","max-video-preview":"max-video-preview:-1"},"canonical":"https:\/\/www.simpleplan.cz\/en\/index.php\/band\/collaborations\/","og_locale":"en_US","og_type":"article","og_title":"Collaborations | EN: SimplePlan.cz","og_description":"Collaborations with artists\/bands MY BIG WHEEL Band from Canada feat. Fred Jerome Collaboration: Pierre Bouvier sang on the song &#8220;Loaded&#8221; back in Reset \u200b MARK HOPPUS Lead singer and bassplayer of Blink 182 Sings on: &#8220;I&#8217;d Do Anything&#8221; on NPNHJB + Also appeared in the... Read more","og_url":"https:\/\/www.simpleplan.cz\/en\/index.php\/band\/collaborations\/","og_site_name":"EN: SimplePlan.cz","article_publisher":"http:\/\/www.facebook.com\/simpleplancz","article_modified_time":"2017-11-14T19:22:46+00:00","og_image":[{"url":"http:\/\/www.simpleplan.cz\/images\/col_mbw.gif","type":"","width":"","height":""}],"twitter_card":"summary_large_image","twitter_site":"@simpleplancz","twitter_misc":{"Est. reading time":"5 minutes"},"schema":{"@context":"https:\/\/schema.org","@graph":[{"@type":"WebPage","@id":"https:\/\/www.simpleplan.cz\/en\/index.php\/band\/collaborations\/","url":"https:\/\/www.simpleplan.cz\/en\/index.php\/band\/collaborations\/","name":"Collaborations | EN: SimplePlan.cz","isPartOf":{"@id":"https:\/\/www.simpleplan.cz\/en\/#website"},"primaryImageOfPage":{"@id":"https:\/\/www.simpleplan.cz\/en\/index.php\/band\/collaborations\/#primaryimage"},"image":{"@id":"https:\/\/www.simpleplan.cz\/en\/index.php\/band\/collaborations\/#primaryimage"},"thumbnailUrl":"http:\/\/www.simpleplan.cz\/images\/col_mbw.gif","datePublished":"2012-04-28T19:51:06+00:00","dateModified":"2017-11-14T19:22:46+00:00","breadcrumb":{"@id":"https:\/\/www.simpleplan.cz\/en\/index.php\/band\/collaborations\/#breadcrumb"},"inLanguage":"en-US","potentialAction":[{"@type":"ReadAction","target":["https:\/\/www.simpleplan.cz\/en\/index.php\/band\/collaborations\/"]}]},{"@type":"ImageObject","inLanguage":"en-US","@id":"https:\/\/www.simpleplan.cz\/en\/index.php\/band\/collaborations\/#primaryimage","url":"http:\/\/www.simpleplan.cz\/images\/col_mbw.gif","contentUrl":"http:\/\/www.simpleplan.cz\/images\/col_mbw.gif"},{"@type":"BreadcrumbList","@id":"https:\/\/www.simpleplan.cz\/en\/index.php\/band\/collaborations\/#breadcrumb","itemListElement":[{"@type":"ListItem","position":1,"name":"Home","item":"https:\/\/www.simpleplan.cz\/en\/"},{"@type":"ListItem","position":2,"name":"Band","item":"https:\/\/www.simpleplan.cz\/en\/index.php\/band\/"},{"@type":"ListItem","position":3,"name":"Collaborations"}]},{"@type":"WebSite","@id":"https:\/\/www.simpleplan.cz\/en\/#website","url":"https:\/\/www.simpleplan.cz\/en\/","name":"EN: SimplePlan.cz","description":"The best source for news about the band Simple Plan","publisher":{"@id":"https:\/\/www.simpleplan.cz\/en\/#organization"},"potentialAction":[{"@type":"SearchAction","target":{"@type":"EntryPoint","urlTemplate":"https:\/\/www.simpleplan.cz\/en\/?s={search_term_string}"},"query-input":{"@type":"PropertyValueSpecification","valueRequired":true,"valueName":"search_term_string"}}],"inLanguage":"en-US"},{"@type":"Organization","@id":"https:\/\/www.simpleplan.cz\/en\/#organization","name":"EN: SimplePlan.cz","url":"https:\/\/www.simpleplan.cz\/en\/","logo":{"@type":"ImageObject","inLanguage":"en-US","@id":"https:\/\/www.simpleplan.cz\/en\/#\/schema\/logo\/image\/","url":"https:\/\/www.simpleplan.cz\/en\/wp-content\/uploads\/spczlogo-1.png","contentUrl":"https:\/\/www.simpleplan.cz\/en\/wp-content\/uploads\/spczlogo-1.png","width":250,"height":190,"caption":"EN: SimplePlan.cz"},"image":{"@id":"https:\/\/www.simpleplan.cz\/en\/#\/schema\/logo\/image\/"},"sameAs":["http:\/\/www.facebook.com\/simpleplancz","https:\/\/x.com\/simpleplancz","http:\/\/www.instagram.com\/simpleplancz","http:\/\/www.youtube.com\/simpleplancz"]}]}},"_links":{"self":[{"href":"https:\/\/www.simpleplan.cz\/en\/index.php\/wp-json\/wp\/v2\/pages\/6137","targetHints":{"allow":["GET"]}}],"collection":[{"href":"https:\/\/www.simpleplan.cz\/en\/index.php\/wp-json\/wp\/v2\/pages"}],"about":[{"href":"https:\/\/www.simpleplan.cz\/en\/index.php\/wp-json\/wp\/v2\/types\/page"}],"author":[{"embeddable":true,"href":"https:\/\/www.simpleplan.cz\/en\/index.php\/wp-json\/wp\/v2\/users\/3"}],"replies":[{"embeddable":true,"href":"https:\/\/www.simpleplan.cz\/en\/index.php\/wp-json\/wp\/v2\/comments?post=6137"}],"version-history":[{"count":55,"href":"https:\/\/www.simpleplan.cz\/en\/index.php\/wp-json\/wp\/v2\/pages\/6137\/revisions"}],"predecessor-version":[{"id":24491,"href":"https:\/\/www.simpleplan.cz\/en\/index.php\/wp-json\/wp\/v2\/pages\/6137\/revisions\/24491"}],"up":[{"embeddable":true,"href":"https:\/\/www.simpleplan.cz\/en\/index.php\/wp-json\/wp\/v2\/pages\/2679"}],"wp:attachment":[{"href":"https:\/\/www.simpleplan.cz\/en\/index.php\/wp-json\/wp\/v2\/media?parent=6137"}],"curies":[{"name":"wp","href":"https:\/\/api.w.org\/{rel}","templated":true}]}}